{"id":197,"date":"2018-07-16T16:16:44","date_gmt":"2018-07-16T14:16:44","guid":{"rendered":"http:\/\/redonautomobiles.com\/index.php\/contact\/"},"modified":"2019-10-25T16:23:15","modified_gmt":"2019-10-25T14:23:15","slug":"contact","status":"publish","type":"page","link":"https:\/\/redonautomobiles.com\/index.php\/contact\/","title":{"rendered":"Contact"},"content":{"rendered":"\t\t<div data-elementor-type=\"wp-post\" data-elementor-id=\"197\" class=\"elementor elementor-197\" data-elementor-settings=\"[]\">\n\t\t\t<div class=\"elementor-inner\">\n\t\t\t\t<div class=\"elementor-section-wrap\">\n\t\t\t\t\t\t\t<section class=\"elementor-element elementor-element-c95e718 elementor-section-boxed elementor-section-height-default elementor-section-height-default elementor-section elementor-top-section\" data-id=\"c95e718\" data-element_type=\"section\">\n\t\t\t\t\t\t<div class=\"elementor-container elementor-column-gap-default\">\n\t\t\t\t<div class=\"elementor-row\">\n\t\t\t\t<div class=\"aux-parallax-section elementor-element elementor-element-ab5fca6 elementor-column elementor-col-100 elementor-top-column\" data-id=\"ab5fca6\" data-element_type=\"column\">\n\t\t\t<div class=\"elementor-column-wrap  elementor-element-populated\">\n\t\t\t\t\t<div class=\"elementor-widget-wrap\">\n\t\t\t\t<div class=\"elementor-element elementor-element-c2ff936 aux-appear-watch-animation aux-fade-in-up elementor-widget elementor-widget-aux_modern_heading\" data-id=\"c2ff936\" data-element_type=\"widget\" data-widget_type=\"aux_modern_heading.default\">\n\t\t\t\t<div class=\"elementor-widget-container\">\n\t\t\t<section class=\"aux-widget-modern-heading\">\n            <div class=\"aux-widget-inner\"><h2 class=\"aux-modern-heading-primary\">CONTACT\n<\/h2><\/div>\n        <\/section>\t\t<\/div>\n\t\t\t\t<\/div>\n\t\t\t\t\t\t<\/div>\n\t\t\t<\/div>\n\t\t<\/div>\n\t\t\t\t\t\t<\/div>\n\t\t\t<\/div>\n\t\t<\/section>\n\t\t\t\t<section class=\"elementor-element elementor-element-32ea13b elementor-section-boxed elementor-section-height-default elementor-section-height-default elementor-section elementor-top-section\" data-id=\"32ea13b\" data-element_type=\"section\">\n\t\t\t\t\t\t<div class=\"elementor-container elementor-column-gap-default\">\n\t\t\t\t<div class=\"elementor-row\">\n\t\t\t\t<div class=\"aux-parallax-section elementor-element elementor-element-fdd3485 elementor-column elementor-col-50 elementor-top-column\" data-id=\"fdd3485\" data-element_type=\"column\">\n\t\t\t<div class=\"elementor-column-wrap  elementor-element-populated\">\n\t\t\t\t\t<div class=\"elementor-widget-wrap\">\n\t\t\t\t<div class=\"elementor-element elementor-element-48712b4 aux-appear-watch-animation aux-fade-in-left elementor-widget elementor-widget-text-editor\" data-id=\"48712b4\" data-element_type=\"widget\" data-widget_type=\"text-editor.default\">\n\t\t\t\t<div class=\"elementor-widget-container\">\n\t\t\t\t\t<div class=\"elementor-text-editor elementor-clearfix\"><p><strong>Adresse:<\/strong><\/p><p>Dardennes, 82240 Septfonds<\/p><p><strong>Email:<\/strong><br \/>contact@redonautomobiles.com<\/p><p><strong>T\u00e9l\u00e9phone:<\/strong><br \/><span style=\"font-size: 14.0014px;\">05 63 64 91 15<\/span><\/p><\/div>\n\t\t\t\t<\/div>\n\t\t\t\t<\/div>\n\t\t\t\t<div class=\"elementor-element elementor-element-75f92e3 aux-appear-watch-animation aux-fade-in-left elementor-widget elementor-widget-wp-widget-aux_socials_list\" data-id=\"75f92e3\" data-element_type=\"widget\" data-widget_type=\"wp-widget-aux_socials_list.default\">\n\t\t\t\t<div class=\"elementor-widget-container\">\n\t\t\t<section class=\"widget-container aux-widget-socials aux-parent-au93d0f022\" style=\"\" ><h5>Suivez-nous !<\/h5><section class=\"widget-socials aux-socials-container  aux-horizontal aux-medium\">\n\n\t\t<ul class=\"aux-social-list\">\n\n\t\t<li ><a class=\"facebook\" href=\"http:\/\/facebook.com\" target=\"_blank\" ><span class=\"auxicon-facebook\"><\/span><\/a><\/li>\n\t\t<li ><a class=\"twitter\" href=\"http:\/\/twitter.com\" target=\"_blank\" ><span class=\"auxicon-twitter\"><\/span><\/a><\/li>\n\t\t<li ><a class=\"linkedin\" href=\"http:\/\/linkedin.com\" target=\"_blank\" ><span class=\"auxicon-linkedin\"><\/span><\/a><\/li>\n\t\t<\/ul><!-- end socials -->\n\n\t\t<\/section><!-- end socials container -->\n<\/section><!-- widget-container -->\t\t<\/div>\n\t\t\t\t<\/div>\n\t\t\t\t\t\t<\/div>\n\t\t\t<\/div>\n\t\t<\/div>\n\t\t\t\t<div class=\"aux-parallax-section elementor-element elementor-element-0b9b29f elementor-column elementor-col-50 elementor-top-column\" data-id=\"0b9b29f\" data-element_type=\"column\">\n\t\t\t<div class=\"elementor-column-wrap  elementor-element-populated\">\n\t\t\t\t\t<div class=\"elementor-widget-wrap\">\n\t\t\t\t<div class=\"elementor-element elementor-element-3a3646f aux-appear-watch-animation aux-fade-in-right elementor-widget elementor-widget-aux_contact_form\" data-id=\"3a3646f\" data-element_type=\"widget\" data-widget_type=\"aux_contact_form.default\">\n\t\t\t\t<div class=\"elementor-widget-container\">\n\t\t\t<section class=\"widget-container aux-widget-contact-form aux-parent-auaeec82f3\" style=\"\" >            <div class=\"aux-col-wrapper aux-no-gutter\">\n            <!-- @TODO - The output for element here -->\n\n            <div role=\"form\" class=\"wpcf7\" id=\"wpcf7-f181-o1\" lang=\"en-US\" dir=\"ltr\">\n<div class=\"screen-reader-response\" aria-live=\"polite\"><\/div>\n<form action=\"\/index.php\/wp-json\/wp\/v2\/pages\/197#wpcf7-f181-o1\" method=\"post\" class=\"wpcf7-form\" novalidate=\"novalidate\">\n<div style=\"display: none;\">\n<input type=\"hidden\" name=\"_wpcf7\" value=\"181\" \/>\n<input type=\"hidden\" name=\"_wpcf7_version\" value=\"5.1.9\" \/>\n<input type=\"hidden\" name=\"_wpcf7_locale\" value=\"en_US\" \/>\n<input type=\"hidden\" name=\"_wpcf7_unit_tag\" value=\"wpcf7-f181-o1\" \/>\n<input type=\"hidden\" name=\"_wpcf7_container_post\" value=\"0\" \/>\n<\/div>\n<div class=\"aux-modern-form\">\n<div class=\"aux-input-group aux-form-inline\">\n        <span class=\"wpcf7-form-control-wrap your-name\"><input type=\"text\" name=\"your-name\" value=\"\" size=\"40\" class=\"wpcf7-form-control wpcf7-text wpcf7-validates-as-required\" aria-required=\"true\" aria-invalid=\"false\" \/><\/span><br \/>\n        <label for=\"name\">Votre Nom*<\/label><\/p>\n<div class=\"aux-modern-form-border\"><\/div>\n<\/p><\/div>\n<div class=\"aux-input-group aux-form-inline\">\n        <span class=\"wpcf7-form-control-wrap your-email\"><input type=\"email\" name=\"your-email\" value=\"\" size=\"40\" class=\"wpcf7-form-control wpcf7-text wpcf7-email wpcf7-validates-as-required wpcf7-validates-as-email\" aria-required=\"true\" aria-invalid=\"false\" \/><\/span><br \/>\n        <label for=\"email\">Votre Email*<\/label><\/p>\n<div class=\"aux-modern-form-border\"><\/div>\n<\/p><\/div>\n<div class=\"aux-input-group aux-form-inline\">\n        <span class=\"wpcf7-form-control-wrap your-city\"><input type=\"text\" name=\"your-city\" value=\"\" size=\"40\" class=\"wpcf7-form-control wpcf7-text wpcf7-validates-as-required\" aria-required=\"true\" aria-invalid=\"false\" \/><\/span><br \/>\n        <label for=\"city\">Votre Ville*<\/label><required><\/p>\n<div class=\"aux-modern-form-border\"><\/div>\n<\/p><\/div>\n<div class=\"aux-input-group aux-form-inline\">\n        <span class=\"wpcf7-form-control-wrap your-number\"><input type=\"text\" name=\"your-number\" value=\"\" size=\"40\" class=\"wpcf7-form-control wpcf7-text wpcf7-validates-as-required\" aria-required=\"true\" aria-invalid=\"false\" \/><\/span><br \/>\n        <label for=\"number\">Votre num\u00e9ro de t\u00e9l\u00e9phone*<\/label><required><\/p>\n<div class=\"aux-modern-form-border\"><\/div>\n<\/p><\/div>\n<div class=\"aux-input-group\" style=\"margin-right:15px;\">\n        <span class=\"wpcf7-form-control-wrap your-message\"><textarea name=\"your-message\" cols=\"40\" rows=\"10\" class=\"wpcf7-form-control wpcf7-textarea\" aria-invalid=\"false\"><\/textarea><\/span><br \/>\n        <label for=\"text\">Votre demande<\/label><\/p>\n<div class=\"aux-modern-form-border\"><\/div>\n<\/p><\/div>\n<p>    <input type=\"submit\" value=\"Envoyer\" class=\"wpcf7-form-control wpcf7-submit\" \/>\n<\/p><\/div>\n<div class=\"wpcf7-response-output wpcf7-display-none\" aria-hidden=\"true\"><\/div><\/form><\/div>\n\n            <\/div><!-- aux-col-wrapper -->\n    <\/section><!-- widget-container -->\t\t<\/div>\n\t\t\t\t<\/div>\n\t\t\t\t\t\t<\/div>\n\t\t\t<\/div>\n\t\t<\/div>\n\t\t\t\t\t\t<\/div>\n\t\t\t<\/div>\n\t\t<\/section>\n\t\t\t\t<section class=\"elementor-element elementor-element-a870fe5 elementor-section-boxed elementor-section-height-default elementor-section-height-default elementor-section elementor-top-section\" data-id=\"a870fe5\" data-element_type=\"section\">\n\t\t\t\t\t\t<div class=\"elementor-container elementor-column-gap-default\">\n\t\t\t\t<div class=\"elementor-row\">\n\t\t\t\t<div class=\"aux-parallax-section elementor-element elementor-element-edffdc3 elementor-column elementor-col-100 elementor-top-column\" data-id=\"edffdc3\" data-element_type=\"column\">\n\t\t\t<div class=\"elementor-column-wrap  elementor-element-populated\">\n\t\t\t\t\t<div class=\"elementor-widget-wrap\">\n\t\t\t\t<div class=\"elementor-element elementor-element-89a91f9 elementor-widget elementor-widget-spacer\" data-id=\"89a91f9\" data-element_type=\"widget\" data-widget_type=\"spacer.default\">\n\t\t\t\t<div class=\"elementor-widget-container\">\n\t\t\t\t\t<div class=\"elementor-spacer\">\n\t\t\t<div class=\"elementor-spacer-inner\"><\/div>\n\t\t<\/div>\n\t\t\t\t<\/div>\n\t\t\t\t<\/div>\n\t\t\t\t\t\t<\/div>\n\t\t\t<\/div>\n\t\t<\/div>\n\t\t\t\t\t\t<\/div>\n\t\t\t<\/div>\n\t\t<\/section>\n\t\t\t\t<section class=\"elementor-element elementor-element-baf6bbe elementor-section-boxed elementor-section-height-default elementor-section-height-default elementor-section elementor-top-section\" data-id=\"baf6bbe\" data-element_type=\"section\">\n\t\t\t\t\t\t<div class=\"elementor-container elementor-column-gap-default\">\n\t\t\t\t<div class=\"elementor-row\">\n\t\t\t\t<div class=\"aux-parallax-section elementor-element elementor-element-ddd3a43 elementor-column elementor-col-100 elementor-top-column\" data-id=\"ddd3a43\" data-element_type=\"column\">\n\t\t\t<div class=\"elementor-column-wrap  elementor-element-populated\">\n\t\t\t\t\t<div class=\"elementor-widget-wrap\">\n\t\t\t\t<div class=\"elementor-element elementor-element-c593b94 elementor-widget elementor-widget-image\" data-id=\"c593b94\" data-element_type=\"widget\" data-widget_type=\"image.default\">\n\t\t\t\t<div class=\"elementor-widget-container\">\n\t\t\t\t\t<div class=\"elementor-image\">\n\t\t\t\t\t\t\t\t\t\t<img loading=\"lazy\" decoding=\"async\" width=\"800\" height=\"322\" src=\"https:\/\/redonautomobiles.com\/wp-content\/uploads\/2019\/05\/map-redon2.jpg\" class=\"attachment-large size-large\" alt=\"\" srcset=\"https:\/\/redonautomobiles.com\/wp-content\/uploads\/2019\/05\/map-redon2.jpg 800w, https:\/\/redonautomobiles.com\/wp-content\/uploads\/2019\/05\/map-redon2-600x242.jpg 600w\" sizes=\"(max-width: 800px) 100vw, 800px\" \/>\t\t\t\t\t\t\t\t\t\t\t<\/div>\n\t\t\t\t<\/div>\n\t\t\t\t<\/div>\n\t\t\t\t\t\t<\/div>\n\t\t\t<\/div>\n\t\t<\/div>\n\t\t\t\t\t\t<\/div>\n\t\t\t<\/div>\n\t\t<\/section>\n\t\t\t\t\t\t<\/div>\n\t\t\t<\/div>\n\t\t<\/div>\n\t\t","protected":false},"excerpt":{"rendered":"<p>CONTACT Adresse: Dardennes, 82240 Septfonds Email:contact@redonautomobiles.com T\u00e9l\u00e9phone:05 63 64 91 15 Votre Nom* Votre Email* Votre Ville* Votre num\u00e9ro de t\u00e9l\u00e9phone* Votre demande<\/p>\n","protected":false},"author":1,"featured_media":0,"parent":0,"menu_order":0,"comment_status":"closed","ping_status":"closed","template":"","meta":{"footnotes":""},"yoast_head":"<!-- This site is optimized with the Yoast SEO plugin v14.3 - https:\/\/yoast.com\/wordpress\/plugins\/seo\/ -->\n<title>Contact - Redon Automobiles<\/title>\n<meta name=\"robots\" content=\"index, follow\" \/>\n<meta name=\"googlebot\" content=\"index, follow, max-snippet:-1, max-image-preview:large, max-video-preview:-1\" \/>\n<meta name=\"bingbot\" content=\"index, follow, max-snippet:-1, max-image-preview:large, max-video-preview:-1\" \/>\n<link rel=\"canonical\" href=\"https:\/\/redonautomobiles.com\/index.php\/contact\/\" \/>\n<meta property=\"og:locale\" content=\"fr_FR\" \/>\n<meta property=\"og:type\" content=\"article\" \/>\n<meta property=\"og:title\" content=\"Contact - Redon Automobiles\" \/>\n<meta property=\"og:description\" content=\"CONTACT Adresse: Dardennes, 82240 Septfonds Email:contact@redonautomobiles.com T\u00e9l\u00e9phone:05 63 64 91 15 Votre Nom* Votre Email* Votre Ville* Votre num\u00e9ro de t\u00e9l\u00e9phone* Votre demande\" \/>\n<meta property=\"og:url\" content=\"https:\/\/redonautomobiles.com\/index.php\/contact\/\" \/>\n<meta property=\"og:site_name\" content=\"Redon Automobiles\" \/>\n<meta property=\"article:modified_time\" content=\"2019-10-25T14:23:15+00:00\" \/>\n<meta property=\"og:image\" content=\"https:\/\/redonautomobiles.com\/wp-content\/uploads\/2019\/05\/map-redon2.jpg\" \/>\n<meta name=\"twitter:card\" content=\"summary_large_image\" \/>\n<script type=\"application\/ld+json\" class=\"yoast-schema-graph\">{\"@context\":\"https:\/\/schema.org\",\"@graph\":[{\"@type\":\"WebSite\",\"@id\":\"https:\/\/redonautomobiles.com\/#website\",\"url\":\"https:\/\/redonautomobiles.com\/\",\"name\":\"Redon Automobiles\",\"description\":\"Casse Automobile \\u00e0 Septfonds\",\"potentialAction\":[{\"@type\":\"SearchAction\",\"target\":\"https:\/\/redonautomobiles.com\/?s={search_term_string}\",\"query-input\":\"required name=search_term_string\"}],\"inLanguage\":\"fr-FR\"},{\"@type\":\"ImageObject\",\"@id\":\"https:\/\/redonautomobiles.com\/index.php\/contact\/#primaryimage\",\"inLanguage\":\"fr-FR\",\"url\":\"https:\/\/redonautomobiles.com\/wp-content\/uploads\/2019\/05\/map-redon2.jpg\",\"width\":800,\"height\":322},{\"@type\":\"WebPage\",\"@id\":\"https:\/\/redonautomobiles.com\/index.php\/contact\/#webpage\",\"url\":\"https:\/\/redonautomobiles.com\/index.php\/contact\/\",\"name\":\"Contact - Redon Automobiles\",\"isPartOf\":{\"@id\":\"https:\/\/redonautomobiles.com\/#website\"},\"primaryImageOfPage\":{\"@id\":\"https:\/\/redonautomobiles.com\/index.php\/contact\/#primaryimage\"},\"datePublished\":\"2018-07-16T14:16:44+00:00\",\"dateModified\":\"2019-10-25T14:23:15+00:00\",\"inLanguage\":\"fr-FR\",\"potentialAction\":[{\"@type\":\"ReadAction\",\"target\":[\"https:\/\/redonautomobiles.com\/index.php\/contact\/\"]}]}]}<\/script>\n<!-- \/ Yoast SEO plugin. -->","_links":{"self":[{"href":"https:\/\/redonautomobiles.com\/index.php\/wp-json\/wp\/v2\/pages\/197"}],"collection":[{"href":"https:\/\/redonautomobiles.com\/index.php\/wp-json\/wp\/v2\/pages"}],"about":[{"href":"https:\/\/redonautomobiles.com\/index.php\/wp-json\/wp\/v2\/types\/page"}],"author":[{"embeddable":true,"href":"https:\/\/redonautomobiles.com\/index.php\/wp-json\/wp\/v2\/users\/1"}],"replies":[{"embeddable":true,"href":"https:\/\/redonautomobiles.com\/index.php\/wp-json\/wp\/v2\/comments?post=197"}],"version-history":[{"count":11,"href":"https:\/\/redonautomobiles.com\/index.php\/wp-json\/wp\/v2\/pages\/197\/revisions"}],"predecessor-version":[{"id":439,"href":"https:\/\/redonautomobiles.com\/index.php\/wp-json\/wp\/v2\/pages\/197\/revisions\/439"}],"wp:attachment":[{"href":"https:\/\/redonautomobiles.com\/index.php\/wp-json\/wp\/v2\/media?parent=197"}],"curies":[{"name":"wp","href":"https:\/\/api.w.org\/{rel}","templated":true}]}}