{"id":369,"date":"2019-10-24T15:45:55","date_gmt":"2019-10-24T13:45:55","guid":{"rendered":"https:\/\/redonautomobiles.com\/?page_id=369"},"modified":"2020-06-22T21:05:27","modified_gmt":"2020-06-22T19:05:27","slug":"pieces-automobiles-2","status":"publish","type":"page","link":"https:\/\/redonautomobiles.com\/index.php\/pieces-automobiles-2\/","title":{"rendered":"Pi\u00e8ces automobiles"},"content":{"rendered":"\t\t<div data-elementor-type=\"wp-page\" data-elementor-id=\"369\" class=\"elementor elementor-369\" data-elementor-settings=\"[]\">\n\t\t\t<div class=\"elementor-inner\">\n\t\t\t\t<div class=\"elementor-section-wrap\">\n\t\t\t\t\t\t\t<section class=\"elementor-element elementor-element-1eeb0a3 elementor-section-boxed elementor-section-height-default elementor-section-height-default elementor-section elementor-top-section\" data-id=\"1eeb0a3\" data-element_type=\"section\" data-settings=\"{&quot;background_background&quot;:&quot;classic&quot;}\">\n\t\t\t\t\t\t\t<div class=\"elementor-background-overlay\"><\/div>\n\t\t\t\t\t\t\t<div class=\"elementor-container elementor-column-gap-default\">\n\t\t\t\t<div class=\"elementor-row\">\n\t\t\t\t<div class=\"aux-parallax-section elementor-element elementor-element-df8df74 elementor-column elementor-col-100 elementor-top-column\" data-id=\"df8df74\" data-element_type=\"column\">\n\t\t\t<div class=\"elementor-column-wrap  elementor-element-populated\">\n\t\t\t\t\t<div class=\"elementor-widget-wrap\">\n\t\t\t\t<div class=\"elementor-element elementor-element-ae488d8 elementor-widget elementor-widget-aux_modern_heading\" data-id=\"ae488d8\" data-element_type=\"widget\" data-widget_type=\"aux_modern_heading.default\">\n\t\t\t\t<div class=\"elementor-widget-container\">\n\t\t\t<section class=\"aux-widget-modern-heading\">\n            <div class=\"aux-widget-inner\"><h2 class=\"aux-modern-heading-primary\">Les Pi\u00e8ces Automobiles<\/h2><div class=\"aux-modern-heading-divider\"><\/div><\/div>\n        <\/section>\t\t<\/div>\n\t\t\t\t<\/div>\n\t\t\t\t\t\t<\/div>\n\t\t\t<\/div>\n\t\t<\/div>\n\t\t\t\t\t\t<\/div>\n\t\t\t<\/div>\n\t\t<\/section>\n\t\t\t\t<section class=\"elementor-element elementor-element-e79cee8 elementor-section-boxed elementor-section-height-default elementor-section-height-default elementor-section elementor-top-section\" data-id=\"e79cee8\" data-element_type=\"section\">\n\t\t\t\t\t\t<div class=\"elementor-container elementor-column-gap-default\">\n\t\t\t\t<div class=\"elementor-row\">\n\t\t\t\t<div class=\"aux-parallax-section elementor-element elementor-element-13c509e elementor-column elementor-col-100 elementor-top-column\" data-id=\"13c509e\" data-element_type=\"column\">\n\t\t\t<div class=\"elementor-column-wrap  elementor-element-populated\">\n\t\t\t\t\t<div class=\"elementor-widget-wrap\">\n\t\t\t\t<div class=\"elementor-element elementor-element-d79d404 elementor-widget elementor-widget-spacer\" data-id=\"d79d404\" data-element_type=\"widget\" data-widget_type=\"spacer.default\">\n\t\t\t\t<div class=\"elementor-widget-container\">\n\t\t\t\t\t<div class=\"elementor-spacer\">\n\t\t\t<div class=\"elementor-spacer-inner\"><\/div>\n\t\t<\/div>\n\t\t\t\t<\/div>\n\t\t\t\t<\/div>\n\t\t\t\t\t\t<\/div>\n\t\t\t<\/div>\n\t\t<\/div>\n\t\t\t\t\t\t<\/div>\n\t\t\t<\/div>\n\t\t<\/section>\n\t\t\t\t<section class=\"elementor-element elementor-element-56e9512 elementor-section-boxed elementor-section-height-default elementor-section-height-default elementor-section elementor-top-section\" data-id=\"56e9512\" data-element_type=\"section\">\n\t\t\t\t\t\t<div class=\"elementor-container elementor-column-gap-default\">\n\t\t\t\t<div class=\"elementor-row\">\n\t\t\t\t<div class=\"aux-parallax-section elementor-element elementor-element-6eac1c7 elementor-column elementor-col-100 elementor-top-column\" data-id=\"6eac1c7\" data-element_type=\"column\">\n\t\t\t<div class=\"elementor-column-wrap  elementor-element-populated\">\n\t\t\t\t\t<div class=\"elementor-widget-wrap\">\n\t\t\t\t<div class=\"elementor-element elementor-element-b5cbd31 elementor-widget elementor-widget-aux_modern_heading\" data-id=\"b5cbd31\" data-element_type=\"widget\" data-widget_type=\"aux_modern_heading.default\">\n\t\t\t\t<div class=\"elementor-widget-container\">\n\t\t\t<section class=\"aux-widget-modern-heading\">\n            <div class=\"aux-widget-inner\"><h2 class=\"aux-modern-heading-primary\">D\u00e9couvrez nos pi\u00e8ces automobiles neuves ou d'occasion !<\/h2><div class=\"aux-modern-heading-description\"><p>Nous vous proposons un large choix de pi\u00e8ces disponibles en permanence, de diverses marques et mod\u00e8les. Plus de 30 000 pi\u00e8ces r\u00e9f\u00e9renc\u00e9es dans notre base informatique OPISTO .fr<br \/>A votre service une \u00e9quipe de 8 personnes motiv\u00e9, performante et r\u00e9active, vous accueille et vous conseille.<br \/>Nous vous proposons toutes marques, toutes dimensions \u00e0 des prix tr\u00e8s comp\u00e9titifs.<br \/>Notre objectif est de satisfaire vos besoins avec qualit\u00e9, s\u00e9curit\u00e9, contr\u00f4le, garantie et tra\u00e7abilit\u00e9 des pi\u00e8ces.<br \/>ATTENTION : notre stock varie tous les jours<br \/>Nous contacter c\u2019est une r\u00e9ponse imm\u00e9diate<\/p><p>Tous les organes de s\u00e9curit\u00e9, sont uniquement r\u00e9serv\u00e9s aux professionnels de l\u2019automobile.<\/p><\/div><\/div>\n        <\/section>\t\t<\/div>\n\t\t\t\t<\/div>\n\t\t\t\t\t\t<\/div>\n\t\t\t<\/div>\n\t\t<\/div>\n\t\t\t\t\t\t<\/div>\n\t\t\t<\/div>\n\t\t<\/section>\n\t\t\t\t<section class=\"elementor-element elementor-element-6a9d54c elementor-section-boxed elementor-section-height-default elementor-section-height-default elementor-section elementor-top-section\" data-id=\"6a9d54c\" data-element_type=\"section\">\n\t\t\t\t\t\t<div class=\"elementor-container elementor-column-gap-default\">\n\t\t\t\t<div class=\"elementor-row\">\n\t\t\t\t<div class=\"aux-parallax-section elementor-element elementor-element-6bddc9a elementor-column elementor-col-100 elementor-top-column\" data-id=\"6bddc9a\" data-element_type=\"column\">\n\t\t\t<div class=\"elementor-column-wrap  elementor-element-populated\">\n\t\t\t\t\t<div class=\"elementor-widget-wrap\">\n\t\t\t\t<div class=\"elementor-element elementor-element-e5d281c elementor-widget elementor-widget-spacer\" data-id=\"e5d281c\" data-element_type=\"widget\" data-widget_type=\"spacer.default\">\n\t\t\t\t<div class=\"elementor-widget-container\">\n\t\t\t\t\t<div class=\"elementor-spacer\">\n\t\t\t<div class=\"elementor-spacer-inner\"><\/div>\n\t\t<\/div>\n\t\t\t\t<\/div>\n\t\t\t\t<\/div>\n\t\t\t\t\t\t<\/div>\n\t\t\t<\/div>\n\t\t<\/div>\n\t\t\t\t\t\t<\/div>\n\t\t\t<\/div>\n\t\t<\/section>\n\t\t\t\t<section class=\"elementor-element elementor-element-7d3af2d elementor-section-boxed elementor-section-height-default elementor-section-height-default elementor-section elementor-top-section\" data-id=\"7d3af2d\" data-element_type=\"section\">\n\t\t\t\t\t\t<div class=\"elementor-container elementor-column-gap-default\">\n\t\t\t\t<div class=\"elementor-row\">\n\t\t\t\t<div class=\"aux-parallax-section elementor-element elementor-element-0a02067 elementor-column elementor-col-25 elementor-top-column\" data-id=\"0a02067\" data-element_type=\"column\">\n\t\t\t<div class=\"elementor-column-wrap  elementor-element-populated\">\n\t\t\t\t\t<div class=\"elementor-widget-wrap\">\n\t\t\t\t<div class=\"elementor-element elementor-element-cf20ff7 elementor-widget elementor-widget-aux_modern_heading\" data-id=\"cf20ff7\" data-element_type=\"widget\" data-widget_type=\"aux_modern_heading.default\">\n\t\t\t\t<div class=\"elementor-widget-container\">\n\t\t\t<section class=\"aux-widget-modern-heading\">\n            <div class=\"aux-widget-inner\"><a href=\"https:\/\/redonautomobiles.com\/index.php\/product-category\/pieces-autos\/moteur-boite-de-vitesse-pieces-autos\/\" class=\"aux-modern-heading-primary-link\"><h2 class=\"aux-modern-heading-primary\">Moteur\/Bo\u00eete de Vitesse<\/h2><\/a><\/div>\n        <\/section>\t\t<\/div>\n\t\t\t\t<\/div>\n\t\t\t\t<div class=\"elementor-element elementor-element-084e6f9 elementor-widget elementor-widget-aux_image\" data-id=\"084e6f9\" data-element_type=\"widget\" data-widget_type=\"aux_image.default\">\n\t\t\t\t<div class=\"elementor-widget-container\">\n\t\t\t<section class=\"widget-container aux-widget-image aux-alignnone aux-parent-au9b9dc522\" style=\"\" >\n    <div class=\"aux-media-hint-frame \">\n        <div class=\"aux-media-image aux-hover-active\" >\n                    <a class=\"\" href=\"https:\/\/redonautomobiles.com\/index.php\/product-category\/pieces-autos\/moteur-boite-de-vitesse-pieces-autos\/\" data-elementor-open-lightbox=\"no\" data-original-width=\"960\" data-original-height=\"539\" data-caption=\"boite de vitesse\" target=\"_self\"  >\n        \n            \n\n            \n            <img loading=\"lazy\" decoding=\"async\" width=\"300\" height=\"300\" src=\"https:\/\/redonautomobiles.com\/wp-content\/uploads\/2019\/10\/boite-de-vitesse-300x300.jpg\" class=\"aux-attachment aux-featured-image aux-attachment-id-394\" alt=\"boite de vitesse\" srcset=\"https:\/\/redonautomobiles.com\/wp-content\/uploads\/2019\/10\/boite-de-vitesse-150x150.jpg 150w,https:\/\/redonautomobiles.com\/wp-content\/uploads\/2019\/10\/boite-de-vitesse-300x300.jpg 300w,https:\/\/redonautomobiles.com\/wp-content\/uploads\/2019\/10\/boite-de-vitesse-768x539.jpg 768w,https:\/\/redonautomobiles.com\/wp-content\/uploads\/2019\/10\/boite-de-vitesse-300x300.jpg 300w\" data-ratio=\"1\" data-original-w=\"960\" sizes=\"(max-width:479px) 480px,(max-width:767px) 768px,(max-width:1023px) 1024px,300px\" \/>            \n                    <\/a>\n                <\/div>\n    <\/div>\n\n<\/section><!-- widget-container -->\t\t<\/div>\n\t\t\t\t<\/div>\n\t\t\t\t\t\t<\/div>\n\t\t\t<\/div>\n\t\t<\/div>\n\t\t\t\t<div class=\"aux-parallax-section elementor-element elementor-element-5b2a2d3 elementor-column elementor-col-25 elementor-top-column\" data-id=\"5b2a2d3\" data-element_type=\"column\">\n\t\t\t<div class=\"elementor-column-wrap  elementor-element-populated\">\n\t\t\t\t\t<div class=\"elementor-widget-wrap\">\n\t\t\t\t<div class=\"elementor-element elementor-element-fe5b855 elementor-widget elementor-widget-aux_modern_heading\" data-id=\"fe5b855\" data-element_type=\"widget\" data-widget_type=\"aux_modern_heading.default\">\n\t\t\t\t<div class=\"elementor-widget-container\">\n\t\t\t<section class=\"aux-widget-modern-heading\">\n            <div class=\"aux-widget-inner\"><a href=\"https:\/\/redonautomobiles.com\/index.php\/product-category\/pieces-autos\/optique-feux-pieces-autos\/\" class=\"aux-modern-heading-primary-link\"><h2 class=\"aux-modern-heading-primary\">Feux \/ Optiques<\/h2><\/a><\/div>\n        <\/section>\t\t<\/div>\n\t\t\t\t<\/div>\n\t\t\t\t<div class=\"elementor-element elementor-element-2c4bc31 elementor-widget elementor-widget-aux_image\" data-id=\"2c4bc31\" data-element_type=\"widget\" data-widget_type=\"aux_image.default\">\n\t\t\t\t<div class=\"elementor-widget-container\">\n\t\t\t<section class=\"widget-container aux-widget-image aux-alignnone aux-parent-au958824f4\" style=\"\" >\n    <div class=\"aux-media-hint-frame \">\n        <div class=\"aux-media-image aux-hover-active\" >\n                    <a class=\"\" href=\"https:\/\/redonautomobiles.com\/index.php\/product-category\/pieces-autos\/optique-feux-pieces-autos\/\" data-elementor-open-lightbox=\"no\" data-original-width=\"960\" data-original-height=\"540\" data-caption=\"car-1576673_960_720\" target=\"_self\"  >\n        \n            \n\n            \n            <img loading=\"lazy\" decoding=\"async\" width=\"300\" height=\"300\" src=\"https:\/\/redonautomobiles.com\/wp-content\/uploads\/2019\/10\/car-1576673_960_720-300x300.jpg\" class=\"aux-attachment aux-featured-image aux-attachment-id-395\" alt=\"car-1576673_960_720\" srcset=\"https:\/\/redonautomobiles.com\/wp-content\/uploads\/2019\/10\/car-1576673_960_720-150x150.jpg 150w,https:\/\/redonautomobiles.com\/wp-content\/uploads\/2019\/10\/car-1576673_960_720-300x300.jpg 300w,https:\/\/redonautomobiles.com\/wp-content\/uploads\/2019\/10\/car-1576673_960_720-768x540.jpg 768w,https:\/\/redonautomobiles.com\/wp-content\/uploads\/2019\/10\/car-1576673_960_720-300x300.jpg 300w\" data-ratio=\"1\" data-original-w=\"960\" sizes=\"(max-width:479px) 480px,(max-width:767px) 768px,(max-width:1023px) 1024px,300px\" \/>            \n                    <\/a>\n                <\/div>\n    <\/div>\n\n<\/section><!-- widget-container -->\t\t<\/div>\n\t\t\t\t<\/div>\n\t\t\t\t\t\t<\/div>\n\t\t\t<\/div>\n\t\t<\/div>\n\t\t\t\t<div class=\"aux-parallax-section elementor-element elementor-element-f2f3d24 elementor-column elementor-col-25 elementor-top-column\" data-id=\"f2f3d24\" data-element_type=\"column\">\n\t\t\t<div class=\"elementor-column-wrap  elementor-element-populated\">\n\t\t\t\t\t<div class=\"elementor-widget-wrap\">\n\t\t\t\t<div class=\"elementor-element elementor-element-fba0cc4 elementor-widget elementor-widget-aux_modern_heading\" data-id=\"fba0cc4\" data-element_type=\"widget\" data-widget_type=\"aux_modern_heading.default\">\n\t\t\t\t<div class=\"elementor-widget-container\">\n\t\t\t<section class=\"aux-widget-modern-heading\">\n            <div class=\"aux-widget-inner\"><a href=\"https:\/\/redonautomobiles.com\/index.php\/product-category\/pieces-autos\/pneus-jantes-pieces-autos\/\" class=\"aux-modern-heading-primary-link\"><h2 class=\"aux-modern-heading-primary\">Pneus \/ Jantes<\/h2><\/a><\/div>\n        <\/section>\t\t<\/div>\n\t\t\t\t<\/div>\n\t\t\t\t<div class=\"elementor-element elementor-element-a821ab4 elementor-widget elementor-widget-aux_image\" data-id=\"a821ab4\" data-element_type=\"widget\" data-widget_type=\"aux_image.default\">\n\t\t\t\t<div class=\"elementor-widget-container\">\n\t\t\t<section class=\"widget-container aux-widget-image aux-alignnone aux-parent-au6b652050\" style=\"\" >\n    <div class=\"aux-media-hint-frame \">\n        <div class=\"aux-media-image aux-hover-active\" >\n                    <a class=\"\" href=\"https:\/\/redonautomobiles.com\/index.php\/product-category\/pieces-autos\/pneus-jantes-pieces-autos\/\" data-elementor-open-lightbox=\"no\" data-original-width=\"880\" data-original-height=\"720\" data-caption=\"penus hjantes\" target=\"_self\"  >\n        \n            \n\n            \n            <img loading=\"lazy\" decoding=\"async\" width=\"300\" height=\"300\" src=\"https:\/\/redonautomobiles.com\/wp-content\/uploads\/2019\/10\/penus-hjantes-300x300.jpg\" class=\"aux-attachment aux-featured-image aux-attachment-id-397\" alt=\"penus hjantes\" srcset=\"https:\/\/redonautomobiles.com\/wp-content\/uploads\/2019\/10\/penus-hjantes-150x150.jpg 150w,https:\/\/redonautomobiles.com\/wp-content\/uploads\/2019\/10\/penus-hjantes-300x300.jpg 300w,https:\/\/redonautomobiles.com\/wp-content\/uploads\/2019\/10\/penus-hjantes-768x720.jpg 768w,https:\/\/redonautomobiles.com\/wp-content\/uploads\/2019\/10\/penus-hjantes-300x300.jpg 300w\" data-ratio=\"1\" data-original-w=\"880\" sizes=\"(max-width:479px) 480px,(max-width:767px) 768px,(max-width:1023px) 1024px,300px\" \/>            \n                    <\/a>\n                <\/div>\n    <\/div>\n\n<\/section><!-- widget-container -->\t\t<\/div>\n\t\t\t\t<\/div>\n\t\t\t\t\t\t<\/div>\n\t\t\t<\/div>\n\t\t<\/div>\n\t\t\t\t<div class=\"aux-parallax-section elementor-element elementor-element-0a4ac0b elementor-column elementor-col-25 elementor-top-column\" data-id=\"0a4ac0b\" data-element_type=\"column\">\n\t\t\t<div class=\"elementor-column-wrap  elementor-element-populated\">\n\t\t\t\t\t<div class=\"elementor-widget-wrap\">\n\t\t\t\t<div class=\"elementor-element elementor-element-c2146cc elementor-widget elementor-widget-aux_modern_heading\" data-id=\"c2146cc\" data-element_type=\"widget\" data-widget_type=\"aux_modern_heading.default\">\n\t\t\t\t<div class=\"elementor-widget-container\">\n\t\t\t<section class=\"aux-widget-modern-heading\">\n            <div class=\"aux-widget-inner\"><a href=\"https:\/\/redonautomobiles.com\/index.php\/product-category\/pieces-autos\/carrosserie-pieces-autos\/\" class=\"aux-modern-heading-primary-link\"><h2 class=\"aux-modern-heading-primary\">Carrosserie<\/h2><\/a><\/div>\n        <\/section>\t\t<\/div>\n\t\t\t\t<\/div>\n\t\t\t\t<div class=\"elementor-element elementor-element-88b1468 elementor-widget elementor-widget-aux_image\" data-id=\"88b1468\" data-element_type=\"widget\" data-widget_type=\"aux_image.default\">\n\t\t\t\t<div class=\"elementor-widget-container\">\n\t\t\t<section class=\"widget-container aux-widget-image aux-alignnone aux-parent-auda76a887\" style=\"\" >\n    <div class=\"aux-media-hint-frame \">\n        <div class=\"aux-media-image aux-hover-active\" >\n                    <a class=\"\" href=\"https:\/\/redonautomobiles.com\/index.php\/product-category\/pieces-autos\/carrosserie-pieces-autos\/\" data-elementor-open-lightbox=\"no\" data-original-width=\"960\" data-original-height=\"642\" data-caption=\"carosserie\" target=\"_self\"  >\n        \n            \n\n            \n            <img loading=\"lazy\" decoding=\"async\" width=\"300\" height=\"300\" src=\"https:\/\/redonautomobiles.com\/wp-content\/uploads\/2019\/10\/carosserie-300x300.jpg\" class=\"aux-attachment aux-featured-image aux-attachment-id-396\" alt=\"carosserie\" srcset=\"https:\/\/redonautomobiles.com\/wp-content\/uploads\/2019\/10\/carosserie-150x150.jpg 150w,https:\/\/redonautomobiles.com\/wp-content\/uploads\/2019\/10\/carosserie-300x300.jpg 300w,https:\/\/redonautomobiles.com\/wp-content\/uploads\/2019\/10\/carosserie-768x642.jpg 768w,https:\/\/redonautomobiles.com\/wp-content\/uploads\/2019\/10\/carosserie-300x300.jpg 300w\" data-ratio=\"1\" data-original-w=\"960\" sizes=\"(max-width:479px) 480px,(max-width:767px) 768px,(max-width:1023px) 1024px,300px\" \/>            \n                    <\/a>\n                <\/div>\n    <\/div>\n\n<\/section><!-- widget-container -->\t\t<\/div>\n\t\t\t\t<\/div>\n\t\t\t\t\t\t<\/div>\n\t\t\t<\/div>\n\t\t<\/div>\n\t\t\t\t\t\t<\/div>\n\t\t\t<\/div>\n\t\t<\/section>\n\t\t\t\t\t\t<\/div>\n\t\t\t<\/div>\n\t\t<\/div>\n\t\t","protected":false},"excerpt":{"rendered":"<p>Les Pi\u00e8ces Automobiles D\u00e9couvrez nos pi\u00e8ces automobiles neuves ou d&rsquo;occasion ! Nous vous proposons un large choix de pi\u00e8ces disponibles en permanence, de diverses marques et mod\u00e8les. Plus de 30 000 pi\u00e8ces r\u00e9f\u00e9renc\u00e9es dans notre base informatique OPISTO .fr A votre service une \u00e9quipe de 8 personnes motiv\u00e9, performante et r\u00e9active, vous accueille et vous [&hellip;]<\/p>\n","protected":false},"author":2,"featured_media":0,"parent":0,"menu_order":0,"comment_status":"closed","ping_status":"closed","template":"","meta":{"footnotes":""},"yoast_head":"<!-- This site is optimized with the Yoast SEO plugin v14.3 - https:\/\/yoast.com\/wordpress\/plugins\/seo\/ -->\n<title>Pi\u00e8ces automobiles Tarn et Garonne - Redon Automobiles Septfonds<\/title>\n<meta name=\"description\" content=\"Nous vous proposons un large choix de pi\u00e8ces automobiles disponibles en permanence, de diverses marques et mod\u00e8les. N&#039;hesitez \u00e0 nous contacter..\" \/>\n<meta name=\"robots\" content=\"index, follow\" \/>\n<meta name=\"googlebot\" content=\"index, follow, max-snippet:-1, max-image-preview:large, max-video-preview:-1\" \/>\n<meta name=\"bingbot\" content=\"index, follow, max-snippet:-1, max-image-preview:large, max-video-preview:-1\" \/>\n<link rel=\"canonical\" href=\"https:\/\/redonautomobiles.com\/index.php\/pieces-automobiles-2\/\" \/>\n<meta property=\"og:locale\" content=\"fr_FR\" \/>\n<meta property=\"og:type\" content=\"article\" \/>\n<meta property=\"og:title\" content=\"Pi\u00e8ces automobiles Tarn et Garonne - Redon Automobiles Septfonds\" \/>\n<meta property=\"og:description\" content=\"Nous vous proposons un large choix de pi\u00e8ces automobiles disponibles en permanence, de diverses marques et mod\u00e8les. N&#039;hesitez \u00e0 nous contacter..\" \/>\n<meta property=\"og:url\" content=\"https:\/\/redonautomobiles.com\/index.php\/pieces-automobiles-2\/\" \/>\n<meta property=\"og:site_name\" content=\"Redon Automobiles\" \/>\n<meta property=\"article:modified_time\" content=\"2020-06-22T19:05:27+00:00\" \/>\n<meta property=\"og:image\" content=\"https:\/\/redonautomobiles.com\/wp-content\/uploads\/2019\/10\/boite-de-vitesse-300x300.jpg\" \/>\n<meta name=\"twitter:card\" content=\"summary_large_image\" \/>\n<script type=\"application\/ld+json\" class=\"yoast-schema-graph\">{\"@context\":\"https:\/\/schema.org\",\"@graph\":[{\"@type\":\"WebSite\",\"@id\":\"https:\/\/redonautomobiles.com\/#website\",\"url\":\"https:\/\/redonautomobiles.com\/\",\"name\":\"Redon Automobiles\",\"description\":\"Casse Automobile \\u00e0 Septfonds\",\"potentialAction\":[{\"@type\":\"SearchAction\",\"target\":\"https:\/\/redonautomobiles.com\/?s={search_term_string}\",\"query-input\":\"required name=search_term_string\"}],\"inLanguage\":\"fr-FR\"},{\"@type\":\"ImageObject\",\"@id\":\"https:\/\/redonautomobiles.com\/index.php\/pieces-automobiles-2\/#primaryimage\",\"inLanguage\":\"fr-FR\",\"url\":\"https:\/\/redonautomobiles.com\/wp-content\/uploads\/2019\/10\/boite-de-vitesse.jpg\",\"width\":960,\"height\":539},{\"@type\":\"WebPage\",\"@id\":\"https:\/\/redonautomobiles.com\/index.php\/pieces-automobiles-2\/#webpage\",\"url\":\"https:\/\/redonautomobiles.com\/index.php\/pieces-automobiles-2\/\",\"name\":\"Pi\\u00e8ces automobiles Tarn et Garonne - Redon Automobiles Septfonds\",\"isPartOf\":{\"@id\":\"https:\/\/redonautomobiles.com\/#website\"},\"primaryImageOfPage\":{\"@id\":\"https:\/\/redonautomobiles.com\/index.php\/pieces-automobiles-2\/#primaryimage\"},\"datePublished\":\"2019-10-24T13:45:55+00:00\",\"dateModified\":\"2020-06-22T19:05:27+00:00\",\"description\":\"Nous vous proposons un large choix de pi\\u00e8ces automobiles disponibles en permanence, de diverses marques et mod\\u00e8les. N'hesitez \\u00e0 nous contacter..\",\"inLanguage\":\"fr-FR\",\"potentialAction\":[{\"@type\":\"ReadAction\",\"target\":[\"https:\/\/redonautomobiles.com\/index.php\/pieces-automobiles-2\/\"]}]}]}<\/script>\n<!-- \/ Yoast SEO plugin. -->","_links":{"self":[{"href":"https:\/\/redonautomobiles.com\/index.php\/wp-json\/wp\/v2\/pages\/369"}],"collection":[{"href":"https:\/\/redonautomobiles.com\/index.php\/wp-json\/wp\/v2\/pages"}],"about":[{"href":"https:\/\/redonautomobiles.com\/index.php\/wp-json\/wp\/v2\/types\/page"}],"author":[{"embeddable":true,"href":"https:\/\/redonautomobiles.com\/index.php\/wp-json\/wp\/v2\/users\/2"}],"replies":[{"embeddable":true,"href":"https:\/\/redonautomobiles.com\/index.php\/wp-json\/wp\/v2\/comments?post=369"}],"version-history":[{"count":8,"href":"https:\/\/redonautomobiles.com\/index.php\/wp-json\/wp\/v2\/pages\/369\/revisions"}],"predecessor-version":[{"id":548,"href":"https:\/\/redonautomobiles.com\/index.php\/wp-json\/wp\/v2\/pages\/369\/revisions\/548"}],"wp:attachment":[{"href":"https:\/\/redonautomobiles.com\/index.php\/wp-json\/wp\/v2\/media?parent=369"}],"curies":[{"name":"wp","href":"https:\/\/api.w.org\/{rel}","templated":true}]}}