{"id":6,"date":"2019-04-29T12:51:16","date_gmt":"2019-04-29T10:51:16","guid":{"rendered":"http:\/\/redonautomobiles.com\/?page_id=6"},"modified":"2020-06-22T21:13:51","modified_gmt":"2020-06-22T19:13:51","slug":"a-propos-de","status":"publish","type":"page","link":"https:\/\/redonautomobiles.com\/index.php\/a-propos-de\/","title":{"rendered":"Mentions L\u00e9gales"},"content":{"rendered":"<p>Informations Mentions L\u00e9gales<\/p>\n<ul>\n<li>\n<h3>Info \u00e9diteur<\/h3>\n<ul>\n<li>Num\u00e9ro de Siret : 79879635500013<\/li>\n<li>Directeur de publication : Mme Karine Redon<\/li>\n<li>Adresse :Zone Industriel Dardennes,\n<p>82240 Septfonds<\/p>\n<p><span class=\"w8qArf\">\u00a0<\/span><span class=\"LrzXr zdqRlf kno-fv\"><a class=\"fl r-iAfExi9Nxc1U\" title=\"Appeler avec Hangouts\" href=\"https:\/\/www.google.com\/search?q=redon+automobiles+82&amp;rlz=1C1CHBF_frFR721FR721&amp;oq=REDON+&amp;aqs=chrome.0.69i59j69i60j69i59j69i60l3.2049j0j7&amp;sourceid=chrome&amp;ie=UTF-8#\" data-number=\"+33563649115\" data-pstn-out-call-url=\"\" data-rtid=\"iAfExi9Nxc1U\" data-ved=\"2ahUKEwjhzcfpoPXhAhXr1uAKHfGYAgQQkAgoADATegQIFhAD\" data-slimstat=\"5\">05 63 64 91 15<\/a><\/span><\/p>\n<p>contact@redonautomobiles.com<\/li>\n<\/ul>\n<\/li>\n<\/ul>\n<ul>\n<li>\n<h3>Cr\u00e9dits<\/h3>\n<ul>\n<li>Conception du site et r\u00e9alisation : <a href=\"https:\/\/agenceikom.fr\/\" target=\"_blank\" rel=\"noopener noreferrer\">Agence i&rsquo;Kom<\/a><\/li>\n<li>H\u00e9bergement :\u00a0OVH<\/li>\n<\/ul>\n<\/li>\n<\/ul>\n<ul>\n<li>\n<h3>Protection des donn\u00e9es personnelles<\/h3>\n<ul>\n<li>Aucune information personnelle n\u2019est collect\u00e9e \u00e0 votre insu.\u00a0Aucune information personnelle n\u2019est c\u00e9d\u00e9e \u00e0 des\u00a0<span title=\" tiers\">tiers<\/span>\u00a0. N\u00e9anmoins, nous nous r\u00e9servons le droit de divulguer des informations personnelles si la loi l\u2019exige ou si une action est n\u00e9cessaire pour le traitement des r\u00e9clamations.<\/li>\n<li>\u00c9tant donn\u00e9 que les formulaires en ligne sont toujours remplis volontairement, vous \u00eates libre de refuser de remplir un formulaire en ligne. Cependant, si vous choisissez de ne pas le\/les remplir, certains services ne pourront vous \u00eatre fournis.<\/li>\n<li><\/li>\n<\/ul>\n<\/li>\n<\/ul>\n<ul>\n<li>\n<h3>Droit d\u2019acc\u00e8s<\/h3>\n<ul>\n<li>Conform\u00e9ment \u00e0 la Loi du 6 janvier 1978 relative \u00e0 l\u2019informatique, aux fichiers et aux libert\u00e9s, vous disposez d\u2019un droit d\u2019acc\u00e8s et de rectification aux donn\u00e9es personnelles vous concernant.<\/li>\n<li>Si vous voulez exercer ce droit, il vous suffit de nous \u00e9crire \u00e0 contact@redonautomobiles.com<\/li>\n<li>En conformit\u00e9 avec nos principes, ces donn\u00e9es ne sont jamais c\u00e9d\u00e9es \u00e0 des tiers pour des raisons commerciales ou marketing. L\u2019Editeur s\u2019engage contractuellement \u00e0 assurer la plus stricte confidentialit\u00e9 des donn\u00e9es ainsi confi\u00e9es, sauf injonction judiciaire.<\/li>\n<\/ul>\n<\/li>\n<\/ul>\n<ul>\n<li>\n<h3>Liste de diffusion<\/h3>\n<ul>\n<li>Les adresses \u00e9lectroniques recueillies dans le cadre de la liste de diffusion ne sont utilis\u00e9es que pour l\u2019envoi d\u2019alertes ponctuelles<\/li>\n<\/ul>\n<\/li>\n<\/ul>\n","protected":false},"excerpt":{"rendered":"<p>Informations Mentions L\u00e9gales Info \u00e9diteur Num\u00e9ro de Siret : 79879635500013 Directeur de publication : Mme Karine Redon Adresse :Zone Industriel Dardennes, 82240 Septfonds \u00a005 63 64 91 15 contact@redonautomobiles.com Cr\u00e9dits Conception du site et r\u00e9alisation : Agence i&rsquo;Kom H\u00e9bergement :\u00a0OVH Protection des donn\u00e9es personnelles Aucune information personnelle n\u2019est collect\u00e9e \u00e0 votre insu.\u00a0Aucune information personnelle n\u2019est [&hellip;]<\/p>\n","protected":false},"author":1,"featured_media":0,"parent":0,"menu_order":0,"comment_status":"closed","ping_status":"closed","template":"","meta":{"footnotes":""},"yoast_head":"<!-- This site is optimized with the Yoast SEO plugin v14.3 - https:\/\/yoast.com\/wordpress\/plugins\/seo\/ -->\n<title>Mentions L\u00e9gales - Redon Automobiles<\/title>\n<meta name=\"robots\" content=\"index, follow\" \/>\n<meta name=\"googlebot\" content=\"index, follow, max-snippet:-1, max-image-preview:large, max-video-preview:-1\" \/>\n<meta name=\"bingbot\" content=\"index, follow, max-snippet:-1, max-image-preview:large, max-video-preview:-1\" \/>\n<link rel=\"canonical\" href=\"https:\/\/redonautomobiles.com\/index.php\/a-propos-de\/\" \/>\n<meta property=\"og:locale\" content=\"fr_FR\" \/>\n<meta property=\"og:type\" content=\"article\" \/>\n<meta property=\"og:title\" content=\"Mentions L\u00e9gales - Redon Automobiles\" \/>\n<meta property=\"og:description\" content=\"Informations Mentions L\u00e9gales Info \u00e9diteur Num\u00e9ro de Siret : 79879635500013 Directeur de publication : Mme Karine Redon Adresse :Zone Industriel Dardennes, 82240 Septfonds \u00a005 63 64 91 15 contact@redonautomobiles.com Cr\u00e9dits Conception du site et r\u00e9alisation : Agence i&rsquo;Kom H\u00e9bergement :\u00a0OVH Protection des donn\u00e9es personnelles Aucune information personnelle n\u2019est collect\u00e9e \u00e0 votre insu.\u00a0Aucune information personnelle n\u2019est [&hellip;]\" \/>\n<meta property=\"og:url\" content=\"https:\/\/redonautomobiles.com\/index.php\/a-propos-de\/\" \/>\n<meta property=\"og:site_name\" content=\"Redon Automobiles\" \/>\n<meta property=\"article:modified_time\" content=\"2020-06-22T19:13:51+00:00\" \/>\n<meta name=\"twitter:card\" content=\"summary_large_image\" \/>\n<script type=\"application\/ld+json\" class=\"yoast-schema-graph\">{\"@context\":\"https:\/\/schema.org\",\"@graph\":[{\"@type\":\"WebSite\",\"@id\":\"https:\/\/redonautomobiles.com\/#website\",\"url\":\"https:\/\/redonautomobiles.com\/\",\"name\":\"Redon Automobiles\",\"description\":\"Casse Automobile \\u00e0 Septfonds\",\"potentialAction\":[{\"@type\":\"SearchAction\",\"target\":\"https:\/\/redonautomobiles.com\/?s={search_term_string}\",\"query-input\":\"required name=search_term_string\"}],\"inLanguage\":\"fr-FR\"},{\"@type\":\"WebPage\",\"@id\":\"https:\/\/redonautomobiles.com\/index.php\/a-propos-de\/#webpage\",\"url\":\"https:\/\/redonautomobiles.com\/index.php\/a-propos-de\/\",\"name\":\"Mentions L\\u00e9gales - Redon Automobiles\",\"isPartOf\":{\"@id\":\"https:\/\/redonautomobiles.com\/#website\"},\"datePublished\":\"2019-04-29T10:51:16+00:00\",\"dateModified\":\"2020-06-22T19:13:51+00:00\",\"inLanguage\":\"fr-FR\",\"potentialAction\":[{\"@type\":\"ReadAction\",\"target\":[\"https:\/\/redonautomobiles.com\/index.php\/a-propos-de\/\"]}]}]}<\/script>\n<!-- \/ Yoast SEO plugin. -->","_links":{"self":[{"href":"https:\/\/redonautomobiles.com\/index.php\/wp-json\/wp\/v2\/pages\/6"}],"collection":[{"href":"https:\/\/redonautomobiles.com\/index.php\/wp-json\/wp\/v2\/pages"}],"about":[{"href":"https:\/\/redonautomobiles.com\/index.php\/wp-json\/wp\/v2\/types\/page"}],"author":[{"embeddable":true,"href":"https:\/\/redonautomobiles.com\/index.php\/wp-json\/wp\/v2\/users\/1"}],"replies":[{"embeddable":true,"href":"https:\/\/redonautomobiles.com\/index.php\/wp-json\/wp\/v2\/comments?post=6"}],"version-history":[{"count":3,"href":"https:\/\/redonautomobiles.com\/index.php\/wp-json\/wp\/v2\/pages\/6\/revisions"}],"predecessor-version":[{"id":549,"href":"https:\/\/redonautomobiles.com\/index.php\/wp-json\/wp\/v2\/pages\/6\/revisions\/549"}],"wp:attachment":[{"href":"https:\/\/redonautomobiles.com\/index.php\/wp-json\/wp\/v2\/media?parent=6"}],"curies":[{"name":"wp","href":"https:\/\/api.w.org\/{rel}","templated":true}]}}