{"id":628,"date":"2020-12-10T11:56:09","date_gmt":"2020-12-10T10:56:09","guid":{"rendered":"https:\/\/redonautomobiles.com\/?post_type=product&#038;p=628"},"modified":"2020-12-10T11:56:09","modified_gmt":"2020-12-10T10:56:09","slug":"citroen-c2","status":"publish","type":"product","link":"https:\/\/redonautomobiles.com\/index.php\/product\/citroen-c2\/","title":{"rendered":"Citro\u00ebn C2 :"},"content":{"rendered":"<p>Nous vendons une Citro\u00ebn C2 :<\/p>\n<p>_Mod\u00e8le : collection<\/p>\n<p>_1.4L HDI<\/p>\n<p>_Ann\u00e9e 2010<\/p>\n<p>_202.000 kms<\/p>\n<p>_Airbag non d\u00e9clench\u00e9s<\/p>\n<p>_Clim\/Commande au volant\/R\u00e9gulateur de vitesse<\/p>\n<p>Vente r\u00e9serv\u00e9e aux professionnels de l\u2019automobile.<\/p>\n<p>Horaires d&rsquo;ouverture :<\/p>\n<p>Lundi 14h00-18h<\/p>\n<p>Mardi au Vendredi 8h30-12h00 et 14h00-18h<\/p>\n<p>Samedi 8h30-12h00<\/p>\n<p>ZA Dardenne 82240 SEPTFONDS 05 63 64 91 15 (Nous contacter de pr\u00e9f\u00e9rence par t\u00e9l\u00e9phone)<\/p>\n<p>recup.autos@wanadoo.fr<\/p>\n","protected":false},"excerpt":{"rendered":"<p><img loading=\"lazy\" decoding=\"async\" class=\"alignnone size-medium wp-image-633\" src=\"https:\/\/redonautomobiles.com\/wp-content\/uploads\/2020\/12\/IMG_8774-300x240.jpg\" alt=\"\" width=\"300\" height=\"240\" \/><\/p>\n","protected":false},"featured_media":632,"comment_status":"closed","ping_status":"closed","template":"","meta":[],"yoast_head":"<!-- This site is optimized with the Yoast SEO plugin v14.3 - https:\/\/yoast.com\/wordpress\/plugins\/seo\/ -->\n<title>Citro\u00ebn C2 : - Redon Automobiles<\/title>\n<meta name=\"robots\" content=\"index, follow\" \/>\n<meta name=\"googlebot\" content=\"index, follow, max-snippet:-1, max-image-preview:large, max-video-preview:-1\" \/>\n<meta name=\"bingbot\" content=\"index, follow, max-snippet:-1, max-image-preview:large, max-video-preview:-1\" \/>\n<link rel=\"canonical\" href=\"https:\/\/redonautomobiles.com\/index.php\/product\/citroen-c2\/\" \/>\n<meta property=\"og:locale\" content=\"fr_FR\" \/>\n<meta property=\"og:type\" content=\"article\" \/>\n<meta property=\"og:title\" content=\"Citro\u00ebn C2 : - Redon Automobiles\" \/>\n<meta property=\"og:url\" content=\"https:\/\/redonautomobiles.com\/index.php\/product\/citroen-c2\/\" \/>\n<meta property=\"og:site_name\" content=\"Redon Automobiles\" \/>\n<meta property=\"og:image\" content=\"https:\/\/redonautomobiles.com\/wp-content\/uploads\/2020\/12\/IMG_8800.jpg\" \/>\n\t<meta property=\"og:image:width\" content=\"240\" \/>\n\t<meta property=\"og:image:height\" content=\"320\" \/>\n<meta name=\"twitter:card\" content=\"summary_large_image\" \/>\n<script type=\"application\/ld+json\" class=\"yoast-schema-graph\">{\"@context\":\"https:\/\/schema.org\",\"@graph\":[{\"@type\":\"WebSite\",\"@id\":\"https:\/\/redonautomobiles.com\/#website\",\"url\":\"https:\/\/redonautomobiles.com\/\",\"name\":\"Redon Automobiles\",\"description\":\"Casse Automobile \\u00e0 Septfonds\",\"potentialAction\":[{\"@type\":\"SearchAction\",\"target\":\"https:\/\/redonautomobiles.com\/?s={search_term_string}\",\"query-input\":\"required name=search_term_string\"}],\"inLanguage\":\"fr-FR\"},{\"@type\":\"ImageObject\",\"@id\":\"https:\/\/redonautomobiles.com\/index.php\/product\/citroen-c2\/#primaryimage\",\"inLanguage\":\"fr-FR\",\"url\":\"https:\/\/redonautomobiles.com\/wp-content\/uploads\/2020\/12\/IMG_8800.jpg\",\"width\":240,\"height\":320},{\"@type\":\"WebPage\",\"@id\":\"https:\/\/redonautomobiles.com\/index.php\/product\/citroen-c2\/#webpage\",\"url\":\"https:\/\/redonautomobiles.com\/index.php\/product\/citroen-c2\/\",\"name\":\"Citro\\u00ebn C2 : - Redon Automobiles\",\"isPartOf\":{\"@id\":\"https:\/\/redonautomobiles.com\/#website\"},\"primaryImageOfPage\":{\"@id\":\"https:\/\/redonautomobiles.com\/index.php\/product\/citroen-c2\/#primaryimage\"},\"datePublished\":\"2020-12-10T10:56:09+00:00\",\"dateModified\":\"2020-12-10T10:56:09+00:00\",\"inLanguage\":\"fr-FR\",\"potentialAction\":[{\"@type\":\"ReadAction\",\"target\":[\"https:\/\/redonautomobiles.com\/index.php\/product\/citroen-c2\/\"]}]}]}<\/script>\n<!-- \/ Yoast SEO plugin. -->","_links":{"self":[{"href":"https:\/\/redonautomobiles.com\/index.php\/wp-json\/wp\/v2\/product\/628"}],"collection":[{"href":"https:\/\/redonautomobiles.com\/index.php\/wp-json\/wp\/v2\/product"}],"about":[{"href":"https:\/\/redonautomobiles.com\/index.php\/wp-json\/wp\/v2\/types\/product"}],"replies":[{"embeddable":true,"href":"https:\/\/redonautomobiles.com\/index.php\/wp-json\/wp\/v2\/comments?post=628"}],"wp:featuredmedia":[{"embeddable":true,"href":"https:\/\/redonautomobiles.com\/index.php\/wp-json\/wp\/v2\/media\/632"}],"wp:attachment":[{"href":"https:\/\/redonautomobiles.com\/index.php\/wp-json\/wp\/v2\/media?parent=628"}],"curies":[{"name":"wp","href":"https:\/\/api.w.org\/{rel}","templated":true}]}}