{"id":645,"date":"2020-12-10T14:07:16","date_gmt":"2020-12-10T13:07:16","guid":{"rendered":"https:\/\/redonautomobiles.com\/?post_type=product&#038;p=645"},"modified":"2020-12-10T14:07:16","modified_gmt":"2020-12-10T13:07:16","slug":"seat-ibiza","status":"publish","type":"product","link":"https:\/\/redonautomobiles.com\/index.php\/product\/seat-ibiza\/","title":{"rendered":"Seat Ibiza :"},"content":{"rendered":"<p>Nous vendons une Seat Ibiza :<\/p>\n<p>_Mod\u00e8le : collection<\/p>\n<p>_Coup\u00e9 3 portes<\/p>\n<p>_1.4L TDI<\/p>\n<p>_Ann\u00e9e 2009<\/p>\n<p>_227.000 kms<\/p>\n<p>_Airbag non d\u00e9clench\u00e9s _Bo\u00eete manuelle\/Jantes alu<\/p>\n<p>Vente r\u00e9serv\u00e9e aux professionnels de l\u2019automobile.<\/p>\n<p>Horaires d&rsquo;ouverture :<\/p>\n<p>Lundi 14h00-18h<\/p>\n<p>Mardi au Vendredi 8h30-12h00 et 14h00-18h<\/p>\n<p>Samedi 8h30-12h00<\/p>\n<p>ZA Dardenne 82240 SEPTFONDS 05 63 64 91 15 (Nous contacter de pr\u00e9f\u00e9rence par t\u00e9l\u00e9phone)<\/p>\n<p>recup.autos@wanadoo.fr<\/p>\n","protected":false},"excerpt":{"rendered":"<p><img loading=\"lazy\" decoding=\"async\" class=\"alignnone size-medium wp-image-646\" src=\"https:\/\/redonautomobiles.com\/wp-content\/uploads\/2020\/12\/IMG_8855-300x240.jpg\" alt=\"\" width=\"300\" height=\"240\" \/> <img loading=\"lazy\" decoding=\"async\" class=\"alignnone size-medium wp-image-647\" src=\"https:\/\/redonautomobiles.com\/wp-content\/uploads\/2020\/12\/IMG_8898-240x300.jpg\" alt=\"\" width=\"240\" height=\"300\" \/> <img loading=\"lazy\" decoding=\"async\" class=\"alignnone size-medium wp-image-648\" src=\"https:\/\/redonautomobiles.com\/wp-content\/uploads\/2020\/12\/IMG_8899-300x240.jpg\" alt=\"\" width=\"300\" height=\"240\" \/> <img loading=\"lazy\" decoding=\"async\" class=\"alignnone size-medium wp-image-649\" src=\"https:\/\/redonautomobiles.com\/wp-content\/uploads\/2020\/12\/IMG_8900-240x300.jpg\" alt=\"\" width=\"240\" height=\"300\" \/> <img loading=\"lazy\" decoding=\"async\" class=\"alignnone size-medium wp-image-650\" src=\"https:\/\/redonautomobiles.com\/wp-content\/uploads\/2020\/12\/IMG_8901-300x240.jpg\" alt=\"\" width=\"300\" height=\"240\" \/> <img loading=\"lazy\" decoding=\"async\" class=\"alignnone size-medium wp-image-651\" src=\"https:\/\/redonautomobiles.com\/wp-content\/uploads\/2020\/12\/IMG_8902-300x240.jpg\" alt=\"\" width=\"300\" height=\"240\" \/><\/p>\n","protected":false},"featured_media":647,"comment_status":"closed","ping_status":"closed","template":"","meta":[],"yoast_head":"<!-- This site is optimized with the Yoast SEO plugin v14.3 - https:\/\/yoast.com\/wordpress\/plugins\/seo\/ -->\n<title>Seat Ibiza : - Redon Automobiles<\/title>\n<meta name=\"robots\" content=\"index, follow\" \/>\n<meta name=\"googlebot\" content=\"index, follow, max-snippet:-1, max-image-preview:large, max-video-preview:-1\" \/>\n<meta name=\"bingbot\" content=\"index, follow, max-snippet:-1, max-image-preview:large, max-video-preview:-1\" \/>\n<link rel=\"canonical\" href=\"https:\/\/redonautomobiles.com\/index.php\/product\/seat-ibiza\/\" \/>\n<meta property=\"og:locale\" content=\"fr_FR\" \/>\n<meta property=\"og:type\" content=\"article\" \/>\n<meta property=\"og:title\" content=\"Seat Ibiza : - Redon Automobiles\" \/>\n<meta property=\"og:url\" content=\"https:\/\/redonautomobiles.com\/index.php\/product\/seat-ibiza\/\" \/>\n<meta property=\"og:site_name\" content=\"Redon Automobiles\" \/>\n<meta property=\"og:image\" content=\"https:\/\/redonautomobiles.com\/wp-content\/uploads\/2020\/12\/IMG_8898.jpg\" \/>\n\t<meta property=\"og:image:width\" content=\"240\" \/>\n\t<meta property=\"og:image:height\" content=\"320\" \/>\n<meta name=\"twitter:card\" content=\"summary_large_image\" \/>\n<script type=\"application\/ld+json\" class=\"yoast-schema-graph\">{\"@context\":\"https:\/\/schema.org\",\"@graph\":[{\"@type\":\"WebSite\",\"@id\":\"https:\/\/redonautomobiles.com\/#website\",\"url\":\"https:\/\/redonautomobiles.com\/\",\"name\":\"Redon Automobiles\",\"description\":\"Casse Automobile \\u00e0 Septfonds\",\"potentialAction\":[{\"@type\":\"SearchAction\",\"target\":\"https:\/\/redonautomobiles.com\/?s={search_term_string}\",\"query-input\":\"required name=search_term_string\"}],\"inLanguage\":\"fr-FR\"},{\"@type\":\"ImageObject\",\"@id\":\"https:\/\/redonautomobiles.com\/index.php\/product\/seat-ibiza\/#primaryimage\",\"inLanguage\":\"fr-FR\",\"url\":\"https:\/\/redonautomobiles.com\/wp-content\/uploads\/2020\/12\/IMG_8898.jpg\",\"width\":240,\"height\":320},{\"@type\":\"WebPage\",\"@id\":\"https:\/\/redonautomobiles.com\/index.php\/product\/seat-ibiza\/#webpage\",\"url\":\"https:\/\/redonautomobiles.com\/index.php\/product\/seat-ibiza\/\",\"name\":\"Seat Ibiza : - Redon Automobiles\",\"isPartOf\":{\"@id\":\"https:\/\/redonautomobiles.com\/#website\"},\"primaryImageOfPage\":{\"@id\":\"https:\/\/redonautomobiles.com\/index.php\/product\/seat-ibiza\/#primaryimage\"},\"datePublished\":\"2020-12-10T13:07:16+00:00\",\"dateModified\":\"2020-12-10T13:07:16+00:00\",\"inLanguage\":\"fr-FR\",\"potentialAction\":[{\"@type\":\"ReadAction\",\"target\":[\"https:\/\/redonautomobiles.com\/index.php\/product\/seat-ibiza\/\"]}]}]}<\/script>\n<!-- \/ Yoast SEO plugin. -->","_links":{"self":[{"href":"https:\/\/redonautomobiles.com\/index.php\/wp-json\/wp\/v2\/product\/645"}],"collection":[{"href":"https:\/\/redonautomobiles.com\/index.php\/wp-json\/wp\/v2\/product"}],"about":[{"href":"https:\/\/redonautomobiles.com\/index.php\/wp-json\/wp\/v2\/types\/product"}],"replies":[{"embeddable":true,"href":"https:\/\/redonautomobiles.com\/index.php\/wp-json\/wp\/v2\/comments?post=645"}],"wp:featuredmedia":[{"embeddable":true,"href":"https:\/\/redonautomobiles.com\/index.php\/wp-json\/wp\/v2\/media\/647"}],"wp:attachment":[{"href":"https:\/\/redonautomobiles.com\/index.php\/wp-json\/wp\/v2\/media?parent=645"}],"curies":[{"name":"wp","href":"https:\/\/api.w.org\/{rel}","templated":true}]}}