{"id":723,"date":"2021-01-07T14:05:47","date_gmt":"2021-01-07T13:05:47","guid":{"rendered":"https:\/\/redonautomobiles.com\/?post_type=product&#038;p=723"},"modified":"2021-01-07T14:05:48","modified_gmt":"2021-01-07T13:05:48","slug":"pieces-de-citroen-c15","status":"publish","type":"product","link":"https:\/\/redonautomobiles.com\/index.php\/product\/pieces-de-citroen-c15\/","title":{"rendered":"Pi\u00e8ces de CITROEN C15 :"},"content":{"rendered":"<p>_1.1 Essence<\/p>\n<p>_Ann\u00e9e 1985<\/p>\n<p>Nous vous proposons diverses pi\u00e8ces d\u00e9tach\u00e9es :<\/p>\n<p>Carrosserie:<\/p>\n<p>pare choc avant et arri\u00e8re, porte, aile, optiques, capot, r\u00e9troviseur, calandre, hayon, serrure, barillet, phare, clignotant, jantes alu, jantes t\u00f4le, pneus, roue de secours, coffre, malle, lunette arri\u00e8re, masque avant et armature, pare brise, custode, baguette, v\u00e9rin, compas de capot, vitre, glace, feu arri\u00e8re, optique, poign\u00e9e, attelage, enjoliveurs, goujon de roue, arr\u00eat de porte, galerie de toit, capote, toit ouvrant, charni\u00e8re, antenne, trappe \u00e0 carburant, bouchon de r\u00e9servoir, moteur essuie glace et tringlerie, pare boue, bras d&rsquo;essuie glace, bocal lave glace et liquide de refroidissement, pompe de lave glace, ventilateur, pulser d&rsquo;air, traverse sup\u00e9rieure et inf\u00e9rieure&#8230;<\/p>\n<p>M\u00e9canique:<\/p>\n<p>Pneu, moteur, boite de vitesses, radiateur eau\/clim, radiateur d&rsquo;huile, air et intercooleur, ventilateur, d\u00e9marreur, alternateur, tringlerie de boite de vitesse, batterie, pompe \u00e0 vide, carburateur, pompe de direction assist\u00e9e, catalyseur, pot, collecteur d&rsquo;\u00e9chappement, silencieux, tube interm\u00e9diaire, kit de d\u00e9marrage BSI, calculateur, essieu, train arri\u00e8re, demi train, triangle, colonne de direction, bras de suspension, cardan, \u00e9trier de frein, triangle, tambour, disques, amortisseur, ressort, conjoncteur disjoncteur, carter, compresseur de clim, monopoint, faisceau, r\u00e9partiteur de freins, rotule, vase d&rsquo;expansion, berceau, batterie, poulie, \u00e9lectrovanne, pont, ma\u00eetre cylindre, turbo, tuyau de direction, embrayage, pompe \u00e0 injection, injecteur, r\u00e9servoir \u00e0 carburant, mastervac, moyeu, fus\u00e9e, bo\u00eetier de pr\u00e9chauffage, cr\u00e9maill\u00e8re de direction, servo frein, arbre de transmission, volant moteur, vanne EGR, pompe de gavage, jauge, support filtre \u00e0 gasoil &#8230;<\/p>\n<p>Pi\u00e8ces int\u00e9rieures: si\u00e8ge (int\u00e9rieur complet), appuie t\u00eate, banquette arri\u00e8re, garniture et panneau de porte, joint de porte, moquette, cache bagage, compteur, afficheur, ceinture et pr\u00e9tensionneur, attache ou ancrage ceinture, airbag, l\u00e8ve vitre, allume cigare, commande de chauffage, volant, pare soleil, plage arri\u00e8re, monte glace, sonde lambda, tableau de bord, poign\u00e9e, bo\u00eete \u00e0 gant, autoradio, kit barillet, commodo, klaxon, levier de vitesse, pommeau et soufflet de vitesse, platine de chauffage, relais, boutons, interrupteurs, cric, neiman &#8230;<\/p>\n<p>Nous avons plus de 350 v\u00e9hicules sur notre parc et notamment des CITROEN mais \u00e9galement des v\u00e9hicules fran\u00e7ais et \u00e9tranger type : Alfa Rom\u00e9o, Citro\u00ebn, BMW, Chevrolet, Volkswagen, Skoda, Peugeot, Audi, Honda, Opel, Hyundai, Seat, Fiat, Mercedes, Suzuki, Ford, Mitsubishi, Dacia, Nissan, Daewoo, Volvo, Kia, Jeep, Mazda, Land Rover, Toyota &#8230;.<\/p>\n<p>La pi\u00e8ce que vous recherchez n&rsquo;est pas dans la liste ?<\/p>\n<p>N&rsquo;h\u00e9sitez pas \u00e0 nous contacter ! Nous avons plusieurs mod\u00e8les et plusieurs couleurs disponibles.<\/p>\n<p>Exp\u00e9dition de pi\u00e8ces possible dans toute la France.<\/p>\n<p>ATTENTION : notre stock varie tous les jours.<\/p>\n<p>Nous disposons de pi\u00e8ces neuves de toutes marques sur commande.<\/p>\n<p>Veuillez nous excuser par avance, des pi\u00e8ces susceptible d&rsquo;\u00eatre d\u00e9j\u00e0 vendue.<\/p>\n<p>REDON AUTOMOBILES<\/p>\n<p>ZA Dardenne<\/p>\n<p>82240 SEPTFONDS<\/p>\n<p>05 63 64 91 15(Nous contacter de pr\u00e9f\u00e9rence par t\u00e9l\u00e9phone)<\/p>\n<p>recup.autos@wanadoo.fr<\/p>\n<p>Horaires d&rsquo;ouverture :<\/p>\n<p>Lundi 14h00-18h<\/p>\n<p>Mardi au Vendredi 8h30-12h00 et 14h00-18h<\/p>\n<p>Samedi 8h30-12h00<\/p>\n","protected":false},"excerpt":{"rendered":"<p><img loading=\"lazy\" decoding=\"async\" class=\"alignnone size-medium wp-image-724\" src=\"https:\/\/redonautomobiles.com\/wp-content\/uploads\/2021\/01\/IMG_0565-300x240.jpg\" alt=\"\" width=\"300\" height=\"240\" \/> <img loading=\"lazy\" decoding=\"async\" class=\"alignnone size-medium wp-image-725\" src=\"https:\/\/redonautomobiles.com\/wp-content\/uploads\/2021\/01\/IMG_0567-240x300.jpg\" alt=\"\" width=\"240\" height=\"300\" \/> <img loading=\"lazy\" decoding=\"async\" class=\"alignnone size-medium wp-image-726\" src=\"https:\/\/redonautomobiles.com\/wp-content\/uploads\/2021\/01\/IMG_0568-240x300.jpg\" alt=\"\" width=\"240\" height=\"300\" \/> <img loading=\"lazy\" decoding=\"async\" class=\"alignnone size-medium wp-image-727\" src=\"https:\/\/redonautomobiles.com\/wp-content\/uploads\/2021\/01\/IMG_0569-240x300.jpg\" alt=\"\" width=\"240\" height=\"300\" \/> <img loading=\"lazy\" decoding=\"async\" class=\"alignnone size-medium wp-image-728\" src=\"https:\/\/redonautomobiles.com\/wp-content\/uploads\/2021\/01\/IMG_0570-240x300.jpg\" alt=\"\" width=\"240\" height=\"300\" \/><\/p>\n","protected":false},"featured_media":725,"comment_status":"closed","ping_status":"closed","template":"","meta":[],"yoast_head":"<!-- This site is optimized with the Yoast SEO plugin v14.3 - https:\/\/yoast.com\/wordpress\/plugins\/seo\/ -->\n<title>Pi\u00e8ces de CITROEN C15 : - Redon Automobiles<\/title>\n<meta name=\"robots\" content=\"index, follow\" \/>\n<meta name=\"googlebot\" content=\"index, follow, max-snippet:-1, max-image-preview:large, max-video-preview:-1\" \/>\n<meta name=\"bingbot\" content=\"index, follow, max-snippet:-1, max-image-preview:large, max-video-preview:-1\" \/>\n<link rel=\"canonical\" href=\"https:\/\/redonautomobiles.com\/index.php\/product\/pieces-de-citroen-c15\/\" \/>\n<meta property=\"og:locale\" content=\"fr_FR\" \/>\n<meta property=\"og:type\" content=\"article\" \/>\n<meta property=\"og:title\" content=\"Pi\u00e8ces de CITROEN C15 : - Redon Automobiles\" \/>\n<meta property=\"og:url\" content=\"https:\/\/redonautomobiles.com\/index.php\/product\/pieces-de-citroen-c15\/\" \/>\n<meta property=\"og:site_name\" content=\"Redon Automobiles\" \/>\n<meta property=\"article:modified_time\" content=\"2021-01-07T13:05:48+00:00\" \/>\n<meta property=\"og:image\" content=\"https:\/\/redonautomobiles.com\/wp-content\/uploads\/2021\/01\/IMG_0567.jpg\" \/>\n\t<meta property=\"og:image:width\" content=\"240\" \/>\n\t<meta property=\"og:image:height\" content=\"320\" \/>\n<meta name=\"twitter:card\" content=\"summary_large_image\" \/>\n<script type=\"application\/ld+json\" class=\"yoast-schema-graph\">{\"@context\":\"https:\/\/schema.org\",\"@graph\":[{\"@type\":\"WebSite\",\"@id\":\"https:\/\/redonautomobiles.com\/#website\",\"url\":\"https:\/\/redonautomobiles.com\/\",\"name\":\"Redon Automobiles\",\"description\":\"Casse Automobile \\u00e0 Septfonds\",\"potentialAction\":[{\"@type\":\"SearchAction\",\"target\":\"https:\/\/redonautomobiles.com\/?s={search_term_string}\",\"query-input\":\"required name=search_term_string\"}],\"inLanguage\":\"fr-FR\"},{\"@type\":\"ImageObject\",\"@id\":\"https:\/\/redonautomobiles.com\/index.php\/product\/pieces-de-citroen-c15\/#primaryimage\",\"inLanguage\":\"fr-FR\",\"url\":\"https:\/\/redonautomobiles.com\/wp-content\/uploads\/2021\/01\/IMG_0567.jpg\",\"width\":240,\"height\":320},{\"@type\":\"WebPage\",\"@id\":\"https:\/\/redonautomobiles.com\/index.php\/product\/pieces-de-citroen-c15\/#webpage\",\"url\":\"https:\/\/redonautomobiles.com\/index.php\/product\/pieces-de-citroen-c15\/\",\"name\":\"Pi\\u00e8ces de CITROEN C15 : - Redon Automobiles\",\"isPartOf\":{\"@id\":\"https:\/\/redonautomobiles.com\/#website\"},\"primaryImageOfPage\":{\"@id\":\"https:\/\/redonautomobiles.com\/index.php\/product\/pieces-de-citroen-c15\/#primaryimage\"},\"datePublished\":\"2021-01-07T13:05:47+00:00\",\"dateModified\":\"2021-01-07T13:05:48+00:00\",\"inLanguage\":\"fr-FR\",\"potentialAction\":[{\"@type\":\"ReadAction\",\"target\":[\"https:\/\/redonautomobiles.com\/index.php\/product\/pieces-de-citroen-c15\/\"]}]}]}<\/script>\n<!-- \/ Yoast SEO plugin. -->","_links":{"self":[{"href":"https:\/\/redonautomobiles.com\/index.php\/wp-json\/wp\/v2\/product\/723"}],"collection":[{"href":"https:\/\/redonautomobiles.com\/index.php\/wp-json\/wp\/v2\/product"}],"about":[{"href":"https:\/\/redonautomobiles.com\/index.php\/wp-json\/wp\/v2\/types\/product"}],"replies":[{"embeddable":true,"href":"https:\/\/redonautomobiles.com\/index.php\/wp-json\/wp\/v2\/comments?post=723"}],"wp:featuredmedia":[{"embeddable":true,"href":"https:\/\/redonautomobiles.com\/index.php\/wp-json\/wp\/v2\/media\/725"}],"wp:attachment":[{"href":"https:\/\/redonautomobiles.com\/index.php\/wp-json\/wp\/v2\/media?parent=723"}],"curies":[{"name":"wp","href":"https:\/\/api.w.org\/{rel}","templated":true}]}}