{"id":755,"date":"2021-01-22T17:00:06","date_gmt":"2021-01-22T16:00:06","guid":{"rendered":"https:\/\/redonautomobiles.com\/?post_type=product&#038;p=755"},"modified":"2021-01-22T17:00:07","modified_gmt":"2021-01-22T16:00:07","slug":"moteur-et-boite-de-vitesse-de-hyundai-tucson","status":"publish","type":"product","link":"https:\/\/redonautomobiles.com\/index.php\/product\/moteur-et-boite-de-vitesse-de-hyundai-tucson\/","title":{"rendered":"Moteur et Boite de vitesse de Hyundai Tucson :"},"content":{"rendered":"<p>Moteur et Boite de vitesse de Hyundai Tucson :<\/p>\n<p>_1800 Kms ( non garanties )<\/p>\n<p>_V\u00e9hicule accident\u00e9 quasiment neuf<\/p>\n<p>_Essence<\/p>\n<p>_1.6L GDI<\/p>\n<p>_177 CV<\/p>\n<p>_10 CV Fiscaux<\/p>\n<p>2700\u20ac Boite de vitesse robotis\u00e9e<\/p>\n<p>1900\u20ac Garantie 3 mois sous certaines conditions<\/p>\n<p>&nbsp;<\/p>\n<p>REDON AUTOMOBILES<\/p>\n<p>ZA Dardenne<\/p>\n<p>82240 SEPTFONDS<\/p>\n<p>05 63 64 91 15(Nous contacter de pr\u00e9f\u00e9rence par t\u00e9l\u00e9phone)<\/p>\n<p>recup.autos@wanadoo.fr<\/p>\n<p>Horaires d&rsquo;ouverture :<\/p>\n<p>Lundi 14h00-18h<\/p>\n<p>Mardi au Vendredi 8h30-12h00 et 14h00-18h<\/p>\n<p>Samedi 8h30-12h00<\/p>\n","protected":false},"excerpt":{"rendered":"<p><img loading=\"lazy\" decoding=\"async\" class=\"alignnone size-medium wp-image-757\" src=\"https:\/\/redonautomobiles.com\/wp-content\/uploads\/2021\/01\/IMG_6752-300x240.jpg\" alt=\"\" width=\"300\" height=\"240\" \/> <img loading=\"lazy\" decoding=\"async\" class=\"alignnone size-medium wp-image-758\" src=\"https:\/\/redonautomobiles.com\/wp-content\/uploads\/2021\/01\/IMG_6753-300x240.jpg\" alt=\"\" width=\"300\" height=\"240\" \/> <img loading=\"lazy\" decoding=\"async\" class=\"alignnone size-medium wp-image-759\" src=\"https:\/\/redonautomobiles.com\/wp-content\/uploads\/2021\/01\/IMG_6754-1-300x240.jpg\" alt=\"\" width=\"300\" height=\"240\" \/> <img loading=\"lazy\" decoding=\"async\" class=\"alignnone size-medium wp-image-760\" src=\"https:\/\/redonautomobiles.com\/wp-content\/uploads\/2021\/01\/IMG_6755-240x300.jpg\" alt=\"\" width=\"240\" height=\"300\" \/> <img loading=\"lazy\" decoding=\"async\" class=\"alignnone size-medium wp-image-761\" src=\"https:\/\/redonautomobiles.com\/wp-content\/uploads\/2021\/01\/IMG_6756-300x240.jpg\" alt=\"\" width=\"300\" height=\"240\" \/> <img loading=\"lazy\" decoding=\"async\" class=\"alignnone size-medium wp-image-762\" src=\"https:\/\/redonautomobiles.com\/wp-content\/uploads\/2021\/01\/IMG_6757-240x300.jpg\" alt=\"\" width=\"240\" height=\"300\" \/> <img loading=\"lazy\" decoding=\"async\" class=\"alignnone size-medium wp-image-763\" src=\"https:\/\/redonautomobiles.com\/wp-content\/uploads\/2021\/01\/IMG_6758-300x240.jpg\" alt=\"\" width=\"300\" height=\"240\" \/> <img loading=\"lazy\" decoding=\"async\" class=\"alignnone size-medium wp-image-764\" src=\"https:\/\/redonautomobiles.com\/wp-content\/uploads\/2021\/01\/d45d345cafa970ebbb898e898e0912cc39907826-240x300.jpg\" alt=\"\" width=\"240\" height=\"300\" \/><\/p>\n","protected":false},"featured_media":756,"comment_status":"closed","ping_status":"closed","template":"","meta":[],"yoast_head":"<!-- This site is optimized with the Yoast SEO plugin v14.3 - https:\/\/yoast.com\/wordpress\/plugins\/seo\/ -->\n<title>Moteur et Boite de vitesse de Hyundai Tucson : - Redon Automobiles<\/title>\n<meta name=\"robots\" content=\"index, follow\" \/>\n<meta name=\"googlebot\" content=\"index, follow, max-snippet:-1, max-image-preview:large, max-video-preview:-1\" \/>\n<meta name=\"bingbot\" content=\"index, follow, max-snippet:-1, max-image-preview:large, max-video-preview:-1\" \/>\n<link rel=\"canonical\" href=\"https:\/\/redonautomobiles.com\/index.php\/product\/moteur-et-boite-de-vitesse-de-hyundai-tucson\/\" \/>\n<meta property=\"og:locale\" content=\"fr_FR\" \/>\n<meta property=\"og:type\" content=\"article\" \/>\n<meta property=\"og:title\" content=\"Moteur et Boite de vitesse de Hyundai Tucson : - Redon Automobiles\" \/>\n<meta property=\"og:url\" content=\"https:\/\/redonautomobiles.com\/index.php\/product\/moteur-et-boite-de-vitesse-de-hyundai-tucson\/\" \/>\n<meta property=\"og:site_name\" content=\"Redon Automobiles\" \/>\n<meta property=\"article:modified_time\" content=\"2021-01-22T16:00:07+00:00\" \/>\n<meta property=\"og:image\" content=\"https:\/\/redonautomobiles.com\/wp-content\/uploads\/2021\/01\/IMG_6754.jpg\" \/>\n\t<meta property=\"og:image:width\" content=\"320\" \/>\n\t<meta property=\"og:image:height\" content=\"240\" \/>\n<meta name=\"twitter:card\" content=\"summary_large_image\" \/>\n<script type=\"application\/ld+json\" class=\"yoast-schema-graph\">{\"@context\":\"https:\/\/schema.org\",\"@graph\":[{\"@type\":\"WebSite\",\"@id\":\"https:\/\/redonautomobiles.com\/#website\",\"url\":\"https:\/\/redonautomobiles.com\/\",\"name\":\"Redon Automobiles\",\"description\":\"Casse Automobile \\u00e0 Septfonds\",\"potentialAction\":[{\"@type\":\"SearchAction\",\"target\":\"https:\/\/redonautomobiles.com\/?s={search_term_string}\",\"query-input\":\"required name=search_term_string\"}],\"inLanguage\":\"fr-FR\"},{\"@type\":\"ImageObject\",\"@id\":\"https:\/\/redonautomobiles.com\/index.php\/product\/moteur-et-boite-de-vitesse-de-hyundai-tucson\/#primaryimage\",\"inLanguage\":\"fr-FR\",\"url\":\"https:\/\/redonautomobiles.com\/wp-content\/uploads\/2021\/01\/IMG_6754.jpg\",\"width\":320,\"height\":240},{\"@type\":\"WebPage\",\"@id\":\"https:\/\/redonautomobiles.com\/index.php\/product\/moteur-et-boite-de-vitesse-de-hyundai-tucson\/#webpage\",\"url\":\"https:\/\/redonautomobiles.com\/index.php\/product\/moteur-et-boite-de-vitesse-de-hyundai-tucson\/\",\"name\":\"Moteur et Boite de vitesse de Hyundai Tucson : - Redon Automobiles\",\"isPartOf\":{\"@id\":\"https:\/\/redonautomobiles.com\/#website\"},\"primaryImageOfPage\":{\"@id\":\"https:\/\/redonautomobiles.com\/index.php\/product\/moteur-et-boite-de-vitesse-de-hyundai-tucson\/#primaryimage\"},\"datePublished\":\"2021-01-22T16:00:06+00:00\",\"dateModified\":\"2021-01-22T16:00:07+00:00\",\"inLanguage\":\"fr-FR\",\"potentialAction\":[{\"@type\":\"ReadAction\",\"target\":[\"https:\/\/redonautomobiles.com\/index.php\/product\/moteur-et-boite-de-vitesse-de-hyundai-tucson\/\"]}]}]}<\/script>\n<!-- \/ Yoast SEO plugin. -->","_links":{"self":[{"href":"https:\/\/redonautomobiles.com\/index.php\/wp-json\/wp\/v2\/product\/755"}],"collection":[{"href":"https:\/\/redonautomobiles.com\/index.php\/wp-json\/wp\/v2\/product"}],"about":[{"href":"https:\/\/redonautomobiles.com\/index.php\/wp-json\/wp\/v2\/types\/product"}],"replies":[{"embeddable":true,"href":"https:\/\/redonautomobiles.com\/index.php\/wp-json\/wp\/v2\/comments?post=755"}],"wp:featuredmedia":[{"embeddable":true,"href":"https:\/\/redonautomobiles.com\/index.php\/wp-json\/wp\/v2\/media\/756"}],"wp:attachment":[{"href":"https:\/\/redonautomobiles.com\/index.php\/wp-json\/wp\/v2\/media?parent=755"}],"curies":[{"name":"wp","href":"https:\/\/api.w.org\/{rel}","templated":true}]}}