{"id":789,"date":"2021-03-24T09:11:26","date_gmt":"2021-03-24T08:11:26","guid":{"rendered":"https:\/\/redonautomobiles.com\/?post_type=product&#038;p=789"},"modified":"2021-03-24T09:11:26","modified_gmt":"2021-03-24T08:11:26","slug":"citroen-xsara-picasso","status":"publish","type":"product","link":"https:\/\/redonautomobiles.com\/index.php\/product\/citroen-xsara-picasso\/","title":{"rendered":"CITRO\u00cbN Xsara Picasso :"},"content":{"rendered":"<div class=\"kvgmc6g5 cxmmr5t8 oygrvhab hcukyx3x c1et5uql ii04i59q\">\n<div dir=\"auto\">Nous vendons une CITRO\u00cbN Xsara Picasso :<\/div>\n<div dir=\"auto\"><\/div>\n<\/div>\n<div class=\"o9v6fnle cxmmr5t8 oygrvhab hcukyx3x c1et5uql ii04i59q\">\n<div dir=\"auto\">_1,6L HDI<\/div>\n<div dir=\"auto\">_16V turbo<\/div>\n<div dir=\"auto\">_177.000 KMS<\/div>\n<div dir=\"auto\">_Airbags non d\u00e9clench\u00e9s<\/div>\n<div dir=\"auto\"><\/div>\n<\/div>\n<div class=\"o9v6fnle cxmmr5t8 oygrvhab hcukyx3x c1et5uql ii04i59q\">\n<div dir=\"auto\">Vente r\u00e9serv\u00e9e aux professionnels de l\u2019automobile.<\/div>\n<div dir=\"auto\"><\/div>\n<\/div>\n<div class=\"o9v6fnle cxmmr5t8 oygrvhab hcukyx3x c1et5uql ii04i59q\">\n<div dir=\"auto\">Horaires d\u2019ouverture :<\/div>\n<div dir=\"auto\"><\/div>\n<div dir=\"auto\">Lundi 14h00-18h00<\/div>\n<div dir=\"auto\">Mardi au vendredi 8h30-12h00 et 14h00-18h00<\/div>\n<div dir=\"auto\">Samedi 8h30-12h00<\/div>\n<div dir=\"auto\"><\/div>\n<\/div>\n<div class=\"o9v6fnle cxmmr5t8 oygrvhab hcukyx3x c1et5uql ii04i59q\">\n<div dir=\"auto\">ZA Dardenne<\/div>\n<div dir=\"auto\">82240 SEPTFONDS<\/div>\n<div dir=\"auto\">0563649115 ( nous contacter de pr\u00e9f\u00e9rence par t\u00e9l\u00e9phone.)<\/div>\n<div dir=\"auto\">recup.autos@wanadoo.fr<\/div>\n<\/div>\n","protected":false},"excerpt":{"rendered":"<p><img loading=\"lazy\" decoding=\"async\" class=\"alignnone size-medium wp-image-790\" src=\"https:\/\/redonautomobiles.com\/wp-content\/uploads\/2021\/03\/163986822_3926546877410325_6846204246400045663_o-300x300.jpg\" alt=\"\" width=\"300\" height=\"300\" srcset=\"https:\/\/redonautomobiles.com\/wp-content\/uploads\/2021\/03\/163986822_3926546877410325_6846204246400045663_o-300x300.jpg 300w, https:\/\/redonautomobiles.com\/wp-content\/uploads\/2021\/03\/163986822_3926546877410325_6846204246400045663_o-150x150.jpg 150w, https:\/\/redonautomobiles.com\/wp-content\/uploads\/2021\/03\/163986822_3926546877410325_6846204246400045663_o-100x100.jpg 100w\" sizes=\"(max-width: 300px) 100vw, 300px\" \/> <img loading=\"lazy\" decoding=\"async\" class=\"alignnone size-medium wp-image-791\" src=\"https:\/\/redonautomobiles.com\/wp-content\/uploads\/2021\/03\/163789722_3926546887410324_1629478570350994049_o-300x300.jpg\" alt=\"\" width=\"300\" height=\"300\" srcset=\"https:\/\/redonautomobiles.com\/wp-content\/uploads\/2021\/03\/163789722_3926546887410324_1629478570350994049_o-300x300.jpg 300w, https:\/\/redonautomobiles.com\/wp-content\/uploads\/2021\/03\/163789722_3926546887410324_1629478570350994049_o-1024x1024.jpg 1024w, https:\/\/redonautomobiles.com\/wp-content\/uploads\/2021\/03\/163789722_3926546887410324_1629478570350994049_o-150x150.jpg 150w, https:\/\/redonautomobiles.com\/wp-content\/uploads\/2021\/03\/163789722_3926546887410324_1629478570350994049_o-768x768.jpg 768w, https:\/\/redonautomobiles.com\/wp-content\/uploads\/2021\/03\/163789722_3926546887410324_1629478570350994049_o-100x100.jpg 100w\" sizes=\"(max-width: 300px) 100vw, 300px\" \/> <img loading=\"lazy\" decoding=\"async\" class=\"alignnone size-medium wp-image-792\" src=\"https:\/\/redonautomobiles.com\/wp-content\/uploads\/2021\/03\/163826889_3926546884076991_2780065654624450454_o-300x300.jpg\" alt=\"\" width=\"300\" height=\"300\" srcset=\"https:\/\/redonautomobiles.com\/wp-content\/uploads\/2021\/03\/163826889_3926546884076991_2780065654624450454_o-300x300.jpg 300w, https:\/\/redonautomobiles.com\/wp-content\/uploads\/2021\/03\/163826889_3926546884076991_2780065654624450454_o-1024x1024.jpg 1024w, https:\/\/redonautomobiles.com\/wp-content\/uploads\/2021\/03\/163826889_3926546884076991_2780065654624450454_o-150x150.jpg 150w, https:\/\/redonautomobiles.com\/wp-content\/uploads\/2021\/03\/163826889_3926546884076991_2780065654624450454_o-768x768.jpg 768w, https:\/\/redonautomobiles.com\/wp-content\/uploads\/2021\/03\/163826889_3926546884076991_2780065654624450454_o-100x100.jpg 100w\" sizes=\"(max-width: 300px) 100vw, 300px\" \/> <img loading=\"lazy\" decoding=\"async\" class=\"alignnone size-medium wp-image-795\" src=\"https:\/\/redonautomobiles.com\/wp-content\/uploads\/2021\/03\/164812410_3926566597408353_2457261176273799646_o-300x300.jpg\" alt=\"\" width=\"300\" height=\"300\" srcset=\"https:\/\/redonautomobiles.com\/wp-content\/uploads\/2021\/03\/164812410_3926566597408353_2457261176273799646_o-300x300.jpg 300w, https:\/\/redonautomobiles.com\/wp-content\/uploads\/2021\/03\/164812410_3926566597408353_2457261176273799646_o-1024x1024.jpg 1024w, https:\/\/redonautomobiles.com\/wp-content\/uploads\/2021\/03\/164812410_3926566597408353_2457261176273799646_o-150x150.jpg 150w, https:\/\/redonautomobiles.com\/wp-content\/uploads\/2021\/03\/164812410_3926566597408353_2457261176273799646_o-768x768.jpg 768w, https:\/\/redonautomobiles.com\/wp-content\/uploads\/2021\/03\/164812410_3926566597408353_2457261176273799646_o-100x100.jpg 100w\" sizes=\"(max-width: 300px) 100vw, 300px\" \/> <img loading=\"lazy\" decoding=\"async\" class=\"alignnone size-medium wp-image-796\" src=\"https:\/\/redonautomobiles.com\/wp-content\/uploads\/2021\/03\/164819931_3926566610741685_2307433054380477611_o-300x300.jpg\" alt=\"\" width=\"300\" height=\"300\" srcset=\"https:\/\/redonautomobiles.com\/wp-content\/uploads\/2021\/03\/164819931_3926566610741685_2307433054380477611_o-300x300.jpg 300w, https:\/\/redonautomobiles.com\/wp-content\/uploads\/2021\/03\/164819931_3926566610741685_2307433054380477611_o-1024x1024.jpg 1024w, https:\/\/redonautomobiles.com\/wp-content\/uploads\/2021\/03\/164819931_3926566610741685_2307433054380477611_o-150x150.jpg 150w, https:\/\/redonautomobiles.com\/wp-content\/uploads\/2021\/03\/164819931_3926566610741685_2307433054380477611_o-768x768.jpg 768w, https:\/\/redonautomobiles.com\/wp-content\/uploads\/2021\/03\/164819931_3926566610741685_2307433054380477611_o-100x100.jpg 100w\" sizes=\"(max-width: 300px) 100vw, 300px\" \/><\/p>\n","protected":false},"featured_media":790,"comment_status":"closed","ping_status":"closed","template":"","meta":[],"yoast_head":"<!-- This site is optimized with the Yoast SEO plugin v14.3 - https:\/\/yoast.com\/wordpress\/plugins\/seo\/ -->\n<title>CITRO\u00cbN Xsara Picasso : - Redon Automobiles<\/title>\n<meta name=\"robots\" content=\"index, follow\" \/>\n<meta name=\"googlebot\" content=\"index, follow, max-snippet:-1, max-image-preview:large, max-video-preview:-1\" \/>\n<meta name=\"bingbot\" content=\"index, follow, max-snippet:-1, max-image-preview:large, max-video-preview:-1\" \/>\n<link rel=\"canonical\" href=\"https:\/\/redonautomobiles.com\/index.php\/product\/citroen-xsara-picasso\/\" \/>\n<meta property=\"og:locale\" content=\"fr_FR\" \/>\n<meta property=\"og:type\" content=\"article\" \/>\n<meta property=\"og:title\" content=\"CITRO\u00cbN Xsara Picasso : - Redon Automobiles\" \/>\n<meta property=\"og:url\" content=\"https:\/\/redonautomobiles.com\/index.php\/product\/citroen-xsara-picasso\/\" \/>\n<meta property=\"og:site_name\" content=\"Redon Automobiles\" \/>\n<meta property=\"og:image\" content=\"https:\/\/redonautomobiles.com\/wp-content\/uploads\/2021\/03\/163986822_3926546877410325_6846204246400045663_o.jpg\" \/>\n\t<meta property=\"og:image:width\" content=\"600\" \/>\n\t<meta property=\"og:image:height\" content=\"453\" \/>\n<meta name=\"twitter:card\" content=\"summary_large_image\" \/>\n<script type=\"application\/ld+json\" class=\"yoast-schema-graph\">{\"@context\":\"https:\/\/schema.org\",\"@graph\":[{\"@type\":\"WebSite\",\"@id\":\"https:\/\/redonautomobiles.com\/#website\",\"url\":\"https:\/\/redonautomobiles.com\/\",\"name\":\"Redon Automobiles\",\"description\":\"Casse Automobile \\u00e0 Septfonds\",\"potentialAction\":[{\"@type\":\"SearchAction\",\"target\":\"https:\/\/redonautomobiles.com\/?s={search_term_string}\",\"query-input\":\"required name=search_term_string\"}],\"inLanguage\":\"fr-FR\"},{\"@type\":\"ImageObject\",\"@id\":\"https:\/\/redonautomobiles.com\/index.php\/product\/citroen-xsara-picasso\/#primaryimage\",\"inLanguage\":\"fr-FR\",\"url\":\"https:\/\/redonautomobiles.com\/wp-content\/uploads\/2021\/03\/163986822_3926546877410325_6846204246400045663_o.jpg\",\"width\":600,\"height\":453},{\"@type\":\"WebPage\",\"@id\":\"https:\/\/redonautomobiles.com\/index.php\/product\/citroen-xsara-picasso\/#webpage\",\"url\":\"https:\/\/redonautomobiles.com\/index.php\/product\/citroen-xsara-picasso\/\",\"name\":\"CITRO\\u00cbN Xsara Picasso : - Redon Automobiles\",\"isPartOf\":{\"@id\":\"https:\/\/redonautomobiles.com\/#website\"},\"primaryImageOfPage\":{\"@id\":\"https:\/\/redonautomobiles.com\/index.php\/product\/citroen-xsara-picasso\/#primaryimage\"},\"datePublished\":\"2021-03-24T08:11:26+00:00\",\"dateModified\":\"2021-03-24T08:11:26+00:00\",\"inLanguage\":\"fr-FR\",\"potentialAction\":[{\"@type\":\"ReadAction\",\"target\":[\"https:\/\/redonautomobiles.com\/index.php\/product\/citroen-xsara-picasso\/\"]}]}]}<\/script>\n<!-- \/ Yoast SEO plugin. -->","_links":{"self":[{"href":"https:\/\/redonautomobiles.com\/index.php\/wp-json\/wp\/v2\/product\/789"}],"collection":[{"href":"https:\/\/redonautomobiles.com\/index.php\/wp-json\/wp\/v2\/product"}],"about":[{"href":"https:\/\/redonautomobiles.com\/index.php\/wp-json\/wp\/v2\/types\/product"}],"replies":[{"embeddable":true,"href":"https:\/\/redonautomobiles.com\/index.php\/wp-json\/wp\/v2\/comments?post=789"}],"wp:featuredmedia":[{"embeddable":true,"href":"https:\/\/redonautomobiles.com\/index.php\/wp-json\/wp\/v2\/media\/790"}],"wp:attachment":[{"href":"https:\/\/redonautomobiles.com\/index.php\/wp-json\/wp\/v2\/media?parent=789"}],"curies":[{"name":"wp","href":"https:\/\/api.w.org\/{rel}","templated":true}]}}